{"id":17852,"date":"2018-11-29T08:50:18","date_gmt":"2018-11-29T08:50:18","guid":{"rendered":"https:\/\/web.palmaactiva.com\/?page_id=17852"},"modified":"2025-11-04T08:47:49","modified_gmt":"2025-11-04T07:47:49","slug":"cursos-tic-nivell-basic","status":"publish","type":"page","link":"https:\/\/web.palmaactiva.com\/es\/cursos-de-formacion\/cursos-de-noves-tecnologies\/cursos-tic-nivell-basic\/","title":{"rendered":"Cursos TIC nivel b\u00e1sico"},"content":{"rendered":"<div class=\"su-row\"><div class=\"su-column su-column-size-1-2\"><div class=\"su-column-inner su-u-clearfix su-u-trim\"><img decoding=\"async\" loading=\"lazy\" class=\"alignnone wp-image-53856 size-large\" src=\"https:\/\/web.palmaactiva.com\/wp-content\/uploads\/2025\/08\/BeFunky-collage1-1024x623.jpg\" alt=\"\" width=\"640\" height=\"389\" srcset=\"https:\/\/web.palmaactiva.com\/wp-content\/uploads\/2025\/08\/BeFunky-collage1-1024x623.jpg 1024w, https:\/\/web.palmaactiva.com\/wp-content\/uploads\/2025\/08\/BeFunky-collage1-300x183.jpg 300w, https:\/\/web.palmaactiva.com\/wp-content\/uploads\/2025\/08\/BeFunky-collage1-768x468.jpg 768w, https:\/\/web.palmaactiva.com\/wp-content\/uploads\/2025\/08\/BeFunky-collage1-1536x935.jpg 1536w, https:\/\/web.palmaactiva.com\/wp-content\/uploads\/2025\/08\/BeFunky-collage1-2048x1247.jpg 2048w\" sizes=\"(max-width: 640px) 100vw, 640px\" \/>\n<\/div><\/div>\n<div class=\"su-column su-column-size-1-2\"><div class=\"su-column-inner su-u-clearfix su-u-trim\">\n<h4>Pr\u00f3ximos cursos:<\/h4>\nHaz clic en el siguiente bot\u00f3n y se abrir\u00e1 una nueva pesta\u00f1a con la lista de los pr\u00f3ximos cursos de nuevas tecnolog\u00edas nivel B\u00c1SICO para que puedas preinscribirte.<br \/>\n\n\n<div class=\"dt-service-more\" style=\"text-align: center; margin-bottom: 5px; margin-top: 5px;\"><a style=\"display: inline-flex; align-items: center; justify-content: center; padding: 10px 30px; border-radius: 2px; text-transform: uppercase; text-decoration: none; max-width: 100%; box-sizing: border-box;\" href=\"https:\/\/palma.es\/es\/web\/palmaactiva\/acciones-y-cursos\" target=\"_blank\" rel=\"noopener\"><i class=\"fa fa-th-list\" style=\"margin-right: 10px;\"><\/i><span style=\"display: inline-flex; line-height: 1.5;\">Ver cursos TIC B\u00e1sico<\/span><\/a><\/div>\n\n<\/div><\/div>\n<\/div>\n<div class=\"su-divider su-divider-style-default\" style=\"margin:15px 0;border-width:1px;border-color:#999999\"><\/div>\n\n<span style=\"color: #e03e52;\"><strong>INTRODUCCI\u00d3N AL ORDENADOR<\/strong><\/span><\/p>\n<p>Aprende a utilizar un ordenador desde cero para poder utilizarlo como herramienta en tu b\u00fasqueda de trabajo.<\/p>\n<p><strong>\u00bfEn qu\u00e9 consiste?<\/strong><br \/>\n\u00b7 Abrir y cerrar un ordenador<br \/>\n\u00b7 Manejar el rat\u00f3n y el teclado<br \/>\n\u00b7 Abrir y cerrar ventanas y carpetas<br \/>\n\u00b7 Crear, guardar y eliminar archivos<\/p>\n<p><strong>Requisitos:<\/strong><br \/>\n\u00b7 Contar con DNI o NIE vigente.<br \/>\n\u00b7 Hallarse en edad laboral en el momento de iniciar el curso.<br \/>\n\u00b7 Conocimientos suficientes de lengua castellana y\/o catalana: oral, escrito y le\u00edda.<\/p>\n<p><strong>Informaci\u00f3n e inscripciones S\u00d3LO PARA ESTE CURSO:<\/strong> en Palmaactiva, c\/ Gerreria, 8 o contactando con el tel\u00e9fono 971225900 extensi\u00f3n 3964.<\/p>\n<p>&nbsp;<\/p>\n<p><strong style=\"color: #e03e52;\">OTROS CURSOS<\/strong><\/p>\n<p>\u00b7 Navegaci\u00f3n por internet<\/p>\n<p>\u00b7 Correo electr\u00f3nico<\/p>\n<p>\u00b7 Herramientas Google (Drive, Calendar, Meet, Maps&#8230;)<\/p>\n<p>\u00b7 Hoja de c\u00e1lculo (3 niveles)<\/p>\n<p>\u00b7 Procesador de textos (2 niveles)<\/p>\n<p>&nbsp;<\/p>\n<p>Cursos dirigidos prioritariamente a personas empadronadas en Palma en situaci\u00f3n de desempleo sin conocimientos de inform\u00e1tica.<\/p>\n<p>&nbsp;<\/p>\n\n<div class=\"dt-service-more\" style=\"text-align: center; margin-bottom: 5px; margin-top: 5px;\"><a style=\"display: inline-flex; align-items: center; justify-content: center; padding: 10px 30px; border-radius: 2px; text-transform: uppercase; text-decoration: none; max-width: 100%; box-sizing: border-box;\" href=\"https:\/\/palma.es\/es\/web\/palmaactiva\/acciones-y-cursos\" target=\"_blank\" rel=\"noopener\"><i class=\"fa fa-sign-in\" style=\"margin-right: 10px;\"><\/i><span style=\"display: inline-flex; line-height: 1.5;\">cursos de inform\u00e1tica b\u00e1sica<\/span><\/a><\/div>\n\n<div class=\"su-divider su-divider-style-default\" style=\"margin:15px 0;border-width:1px;border-color:#999999\"><\/div>\n<h4>\u00bfDemasiado sencillo para ti? \ud83d\ude09<\/h4>\nTenemos formaci\u00f3n avanzada en nuevas tecnolog\u00edas: programaci\u00f3n, dise\u00f1o gr\u00e1fico, dise\u00f1o web, dise\u00f1o 3D&#8230;\n<div class=\"dt-service-more\" style=\"text-align: center; margin-bottom: 5px; margin-top: 5px;\"><a style=\"display: inline-flex; align-items: center; justify-content: center; padding: 10px 30px; border-radius: 2px; text-transform: uppercase; text-decoration: none; max-width: 100%; box-sizing: border-box;\" href=\"https:\/\/palma.es\/es\/web\/palmaactiva\/acciones-y-cursos\" rel=\"noopener\"><i class=\"fa fa-info-circle\" style=\"margin-right: 10px;\"><\/i><span style=\"display: inline-flex; line-height: 1.5;\">M\u00e1s informaci\u00f3n<\/span><\/a><\/div>","protected":false},"excerpt":{"rendered":"<p>INTRODUCCI\u00d3N AL ORDENADOR Aprende a utilizar un ordenador desde cero para poder utilizarlo como herramienta en tu b\u00fasqueda de trabajo. \u00bfEn qu\u00e9 consiste? \u00b7 Abrir y cerrar un ordenador \u00b7 Manejar el rat\u00f3n y el teclado \u00b7 Abrir y cerrar ventanas y carpetas \u00b7 Crear, guardar y eliminar archivos Requisitos: \u00b7 Contar con DNI o [&hellip;]<\/p>\n","protected":false},"author":1,"featured_media":0,"parent":17840,"menu_order":0,"comment_status":"closed","ping_status":"closed","template":"","meta":{"footnotes":""},"_links":{"self":[{"href":"https:\/\/web.palmaactiva.com\/es\/wp-json\/wp\/v2\/pages\/17852"}],"collection":[{"href":"https:\/\/web.palmaactiva.com\/es\/wp-json\/wp\/v2\/pages"}],"about":[{"href":"https:\/\/web.palmaactiva.com\/es\/wp-json\/wp\/v2\/types\/page"}],"author":[{"embeddable":true,"href":"https:\/\/web.palmaactiva.com\/es\/wp-json\/wp\/v2\/users\/1"}],"replies":[{"embeddable":true,"href":"https:\/\/web.palmaactiva.com\/es\/wp-json\/wp\/v2\/comments?post=17852"}],"version-history":[{"count":22,"href":"https:\/\/web.palmaactiva.com\/es\/wp-json\/wp\/v2\/pages\/17852\/revisions"}],"predecessor-version":[{"id":54356,"href":"https:\/\/web.palmaactiva.com\/es\/wp-json\/wp\/v2\/pages\/17852\/revisions\/54356"}],"up":[{"embeddable":true,"href":"https:\/\/web.palmaactiva.com\/es\/wp-json\/wp\/v2\/pages\/17840"}],"wp:attachment":[{"href":"https:\/\/web.palmaactiva.com\/es\/wp-json\/wp\/v2\/media?parent=17852"}],"curies":[{"name":"wp","href":"https:\/\/api.w.org\/{rel}","templated":true}]}}