{"id":17840,"date":"2018-11-29T08:49:08","date_gmt":"2018-11-29T08:49:08","guid":{"rendered":"https:\/\/web.palmaactiva.com\/?page_id=17840"},"modified":"2025-08-01T14:07:13","modified_gmt":"2025-08-01T12:07:13","slug":"cursos-de-noves-tecnologies","status":"publish","type":"page","link":"https:\/\/web.palmaactiva.com\/es\/cursos-de-formacion\/cursos-de-noves-tecnologies\/","title":{"rendered":"Cursos de nuevas tecnolog\u00edas"},"content":{"rendered":"<div class=\"su-row\"><div class=\"su-column su-column-size-1-2\"><div class=\"su-column-inner su-u-clearfix su-u-trim\"><iframe loading=\"lazy\" title=\"YouTube video player\" src=\"https:\/\/www.youtube.com\/embed\/9c4EcUIM-wM\" width=\"560\" height=\"315\" frameborder=\"0\" allowfullscreen=\"allowfullscreen\"><\/iframe><\/div><\/div><div class=\"su-column su-column-size-1-2\"><div class=\"su-column-inner su-u-clearfix su-u-trim\">\n<div class=\"su-service\"><div class=\"su-service-title\" style=\"padding-left:46px;min-height:32px;line-height:32px\"><i class=\"sui sui-star\" style=\"font-size:32px;color:#333\"><\/i> \u00bb[:es<\/div><div class=\"su-service-content su-u-clearfix su-u-trim\" style=\"padding-left:46px\">Cursos TIC nivel b\u00e1sico\u00bb icon=\u00bbhttps:\/\/web.palmaactiva.com\/wp-content\/uploads\/2020\/01\/13_nnttbasic.png\u00bb icon_color=\u00bb#e03e52&#8243; size=\u00bb48&#8243;]Competencias tecnol\u00f3gicas b\u00e1sicas para la iniciaci\u00f3n en inform\u00e1tica e integrar el m\u00f3vil con dichas aplicaciones. \n<div class=\"dt-service-more\" style=\"margin-bottom: 5px; margin-top: 5px;\"><a style=\"display: inline-flex; align-items: center; justify-content: center; padding: 10px 30px; border-radius: 2px; text-transform: uppercase; text-decoration: none; max-width: 100%; box-sizing: border-box;\" href=\"\/cursos-tic-nivell-basic\/\" target=\"_blank\" rel=\"noopener\"><i class=\"fa fa-info-circle\" style=\"margin-right: 10px;\"><\/i><span style=\"display: inline-flex; line-height: 1.5;\">Saber m\u00e1s<\/span><\/a><\/div>\n<\/div><\/div>\n<div class=\"su-service\"><div class=\"su-service-title\" style=\"padding-left:46px;min-height:32px;line-height:32px\"><i class=\"sui sui-star\" style=\"font-size:32px;color:#333\"><\/i> \u00bb[:es<\/div><div class=\"su-service-content su-u-clearfix su-u-trim\" style=\"padding-left:46px\">Cursos TIC nivel avanzado\u00bb icon=\u00bbhttps:\/\/web.palmaactiva.com\/wp-content\/uploads\/2020\/01\/14_nnttplus.png\u00bb icon_color=\u00bb#e03e52&#8243; size=\u00bb48&#8243;]Las nuevas tecnolog\u00edas como motor de empleo para perfiles especializados.<\/p>\n<div class=\"dt-service-more\" style=\"margin-bottom: 5px; margin-top: 5px;\"><a style=\"display: inline-flex; align-items: center; justify-content: center; padding: 10px 30px; border-radius: 2px; text-transform: uppercase; text-decoration: none; max-width: 100%; box-sizing: border-box;\" href=\"\/cursos-avanzados-de-nuevas-tecnologias\/\" target=\"_blank\" rel=\"noopener\"><i class=\"fa fa-info-circle\" style=\"margin-right: 10px;\"><\/i><span style=\"display: inline-flex; line-height: 1.5;\">Saber m\u00e1s<\/span><\/a><\/div>\n<\/div><\/div><\/div><\/div><\/div>","protected":false},"excerpt":{"rendered":"","protected":false},"author":1,"featured_media":0,"parent":43,"menu_order":0,"comment_status":"closed","ping_status":"closed","template":"","meta":{"footnotes":""},"_links":{"self":[{"href":"https:\/\/web.palmaactiva.com\/es\/wp-json\/wp\/v2\/pages\/17840"}],"collection":[{"href":"https:\/\/web.palmaactiva.com\/es\/wp-json\/wp\/v2\/pages"}],"about":[{"href":"https:\/\/web.palmaactiva.com\/es\/wp-json\/wp\/v2\/types\/page"}],"author":[{"embeddable":true,"href":"https:\/\/web.palmaactiva.com\/es\/wp-json\/wp\/v2\/users\/1"}],"replies":[{"embeddable":true,"href":"https:\/\/web.palmaactiva.com\/es\/wp-json\/wp\/v2\/comments?post=17840"}],"version-history":[{"count":11,"href":"https:\/\/web.palmaactiva.com\/es\/wp-json\/wp\/v2\/pages\/17840\/revisions"}],"predecessor-version":[{"id":53852,"href":"https:\/\/web.palmaactiva.com\/es\/wp-json\/wp\/v2\/pages\/17840\/revisions\/53852"}],"up":[{"embeddable":true,"href":"https:\/\/web.palmaactiva.com\/es\/wp-json\/wp\/v2\/pages\/43"}],"wp:attachment":[{"href":"https:\/\/web.palmaactiva.com\/es\/wp-json\/wp\/v2\/media?parent=17840"}],"curies":[{"name":"wp","href":"https:\/\/api.w.org\/{rel}","templated":true}]}}