{"id":17404,"date":"2018-11-22T08:06:19","date_gmt":"2018-11-22T08:06:19","guid":{"rendered":"https:\/\/web.palmaactiva.com\/?page_id=17404"},"modified":"2019-03-14T08:43:23","modified_gmt":"2019-03-14T08:43:23","slug":"material-publicitari-establiments-emblematics-de-palma","status":"publish","type":"page","link":"https:\/\/web.palmaactiva.com\/es\/establecimientos-emblematicos\/material-publicitari-establiments-emblematics-de-palma\/","title":{"rendered":"Material publicitario Establecimientos Emblem\u00e1ticos de Palma"},"content":{"rendered":"<div class=\"su-row\"><div class=\"su-column su-column-size-1-4\"><div class=\"su-column-inner su-u-clearfix su-u-trim\"><img decoding=\"async\" loading=\"lazy\" class=\"alignnone size-full wp-image-17402\" src=\"https:\/\/web.palmaactiva.com\/wp-content\/uploads\/2018\/11\/minibanner_emblematics.jpg\" alt=\"\" width=\"600\" height=\"600\" srcset=\"https:\/\/web.palmaactiva.com\/wp-content\/uploads\/2018\/11\/minibanner_emblematics.jpg 600w, https:\/\/web.palmaactiva.com\/wp-content\/uploads\/2018\/11\/minibanner_emblematics-150x150.jpg 150w, https:\/\/web.palmaactiva.com\/wp-content\/uploads\/2018\/11\/minibanner_emblematics-300x300.jpg 300w, https:\/\/web.palmaactiva.com\/wp-content\/uploads\/2018\/11\/minibanner_emblematics-96x96.jpg 96w\" sizes=\"(max-width: 600px) 100vw, 600px\" \/><\/div><\/div><div class=\"su-column su-column-size-3-4\"><div class=\"su-column-inner su-u-clearfix su-u-trim\">\n<h4>Video publicitario<\/h4>\nVisualizar en <strong><a href=\"https:\/\/youtu.be\/x-L3KpQ9joE\" target=\"_blank\" rel=\"noopener\">Youtube<\/a><\/strong>.<br \/>\n\u00bfQuieres descargar el v\u00eddeo?\n<div class='w3eden'><!-- WPDM Link Template: Default Template -->\n\n<div class=\"link-template-default card mb-2\">\n    <div class=\"card-body\">\n        <div class=\"media\">\n            <div class=\"mr-3 img-48\"><img class=\"wpdm_icon\" alt=\"Icona\" src=\"https:\/\/web.palmaactiva.com\/wp-content\/plugins\/download-manager\/assets\/file-type-icons\/mp4.svg\" \/><\/div>\n            <div class=\"media-body\">\n                <h3 class=\"package-title\"><a href='https:\/\/web.palmaactiva.com\/es\/download\/video-emblematics\/'>V\u00eddeo Emblem\u00e0tics<\/a><\/h3>\n                <div class=\"text-muted text-small\"><i class=\"fas fa-copy\"><\/i> 1 fitxer(s) <i class=\"fas fa-hdd ml-3\"><\/i> 26.91 MB<\/div>\n            <\/div>\n            <div class=\"ml-3\">\n                <a class='wpdm-download-link download-on-click btn btn-primary btn-sm' rel='nofollow' href='#' data-downloadurl=\"https:\/\/web.palmaactiva.com\/es\/download\/video-emblematics\/?wpdmdl=23056&refresh=69d062e29cfa51775264482\">Descargar<\/a>\n            <\/div>\n        <\/div>\n    <\/div>\n<\/div>\n\n<\/div>\n<\/br><\/p>\n<h4>Folleto explicativo con mapa<\/h4>\n<div class='w3eden'><!-- WPDM Link Template: Default Template -->\n\n<div class=\"link-template-default card mb-2\">\n    <div class=\"card-body\">\n        <div class=\"media\">\n            <div class=\"mr-3 img-48\"><img class=\"wpdm_icon\" alt=\"Icona\" src=\"https:\/\/web.palmaactiva.com\/wp-content\/plugins\/download-manager\/assets\/file-type-icons\/pdf.svg\" \/><\/div>\n            <div class=\"media-body\">\n                <h3 class=\"package-title\"><a href='https:\/\/web.palmaactiva.com\/es\/download\/fulleto-destabliments-emblematics-cat-esp\/'>Folleto de Establecimientos Emblem\u00e1ticos (CAT + ESP)<\/a><\/h3>\n                <div class=\"text-muted text-small\"><i class=\"fas fa-copy\"><\/i> 1 fitxer(s) <i class=\"fas fa-hdd ml-3\"><\/i> 22.68 MB<\/div>\n            <\/div>\n            <div class=\"ml-3\">\n                <a class='wpdm-download-link download-on-click btn btn-primary btn-sm' rel='nofollow' href='#' data-downloadurl=\"https:\/\/web.palmaactiva.com\/es\/download\/fulleto-destabliments-emblematics-cat-esp\/?wpdmdl=18909&refresh=69d062e2ba23e1775264482\">Descargar<\/a>\n            <\/div>\n        <\/div>\n    <\/div>\n<\/div>\n\n<\/div><div class='w3eden'><!-- WPDM Link Template: Default Template -->\n\n<div class=\"link-template-default card mb-2\">\n    <div class=\"card-body\">\n        <div class=\"media\">\n            <div class=\"mr-3 img-48\"><img class=\"wpdm_icon\" alt=\"Icona\" src=\"https:\/\/web.palmaactiva.com\/wp-content\/plugins\/download-manager\/assets\/file-type-icons\/pdf.svg\" \/><\/div>\n            <div class=\"media-body\">\n                <h3 class=\"package-title\"><a href='https:\/\/web.palmaactiva.com\/es\/download\/fulleto-destabliments-emblematics-cat\/'>Folleto de Establecimientos Emblem\u00e1ticos (CAT)<\/a><\/h3>\n                <div class=\"text-muted text-small\"><i class=\"fas fa-copy\"><\/i> 1 fitxer(s) <i class=\"fas fa-hdd ml-3\"><\/i> 4.22 MB<\/div>\n            <\/div>\n            <div class=\"ml-3\">\n                <a class='wpdm-download-link download-on-click btn btn-primary btn-sm' rel='nofollow' href='#' data-downloadurl=\"https:\/\/web.palmaactiva.com\/es\/download\/fulleto-destabliments-emblematics-cat\/?wpdmdl=17007&refresh=69d062e2d8c251775264482\">Descargar<\/a>\n            <\/div>\n        <\/div>\n    <\/div>\n<\/div>\n\n<\/div><div class='w3eden'><!-- WPDM Link Template: Default Template -->\n\n<div class=\"link-template-default card mb-2\">\n    <div class=\"card-body\">\n        <div class=\"media\">\n            <div class=\"mr-3 img-48\"><img class=\"wpdm_icon\" alt=\"Icona\" src=\"https:\/\/web.palmaactiva.com\/wp-content\/plugins\/download-manager\/assets\/file-type-icons\/pdf.svg\" \/><\/div>\n            <div class=\"media-body\">\n                <h3 class=\"package-title\"><a href='https:\/\/web.palmaactiva.com\/es\/download\/fulleto-destabliments-emblematics-eng\/'>Folleto de Establecimientos Emblem\u00e1ticos (ENG)<\/a><\/h3>\n                <div class=\"text-muted text-small\"><i class=\"fas fa-copy\"><\/i> 1 fitxer(s) <i class=\"fas fa-hdd ml-3\"><\/i> 4.34 MB<\/div>\n            <\/div>\n            <div class=\"ml-3\">\n                <a class='wpdm-download-link download-on-click btn btn-primary btn-sm' rel='nofollow' href='#' data-downloadurl=\"https:\/\/web.palmaactiva.com\/es\/download\/fulleto-destabliments-emblematics-eng\/?wpdmdl=17009&refresh=69d062e300fbc1775264483\">Descargar<\/a>\n            <\/div>\n        <\/div>\n    <\/div>\n<\/div>\n\n<\/div>\n<\/br><\/p>\n<h4>Distintivo para el establecimiento<\/h4>\nSi eres uno de los establecimientos emblem\u00e1ticos del cat\u00e1logo y quieres introducir tu distintivo en redes sociales, p\u00e1gina web, etc. env\u00edanos un email a <strong><a href=\"mailto:comerc@palma.es\">comerc@palma.es<\/a><\/strong> indicando en el asunto \u00abDistintivo web\u00bb y te lo remitiremos.<\/div><\/div><\/div>","protected":false},"excerpt":{"rendered":"","protected":false},"author":1,"featured_media":0,"parent":2169,"menu_order":0,"comment_status":"closed","ping_status":"closed","template":"","meta":{"footnotes":""},"_links":{"self":[{"href":"https:\/\/web.palmaactiva.com\/es\/wp-json\/wp\/v2\/pages\/17404"}],"collection":[{"href":"https:\/\/web.palmaactiva.com\/es\/wp-json\/wp\/v2\/pages"}],"about":[{"href":"https:\/\/web.palmaactiva.com\/es\/wp-json\/wp\/v2\/types\/page"}],"author":[{"embeddable":true,"href":"https:\/\/web.palmaactiva.com\/es\/wp-json\/wp\/v2\/users\/1"}],"replies":[{"embeddable":true,"href":"https:\/\/web.palmaactiva.com\/es\/wp-json\/wp\/v2\/comments?post=17404"}],"version-history":[{"count":4,"href":"https:\/\/web.palmaactiva.com\/es\/wp-json\/wp\/v2\/pages\/17404\/revisions"}],"predecessor-version":[{"id":23062,"href":"https:\/\/web.palmaactiva.com\/es\/wp-json\/wp\/v2\/pages\/17404\/revisions\/23062"}],"up":[{"embeddable":true,"href":"https:\/\/web.palmaactiva.com\/es\/wp-json\/wp\/v2\/pages\/2169"}],"wp:attachment":[{"href":"https:\/\/web.palmaactiva.com\/es\/wp-json\/wp\/v2\/media?parent=17404"}],"curies":[{"name":"wp","href":"https:\/\/api.w.org\/{rel}","templated":true}]}}