{"id":1690,"date":"2017-01-02T08:43:20","date_gmt":"2017-01-02T08:43:20","guid":{"rendered":"http:\/\/web.palmaactiva.com\/?page_id=1690"},"modified":"2017-02-10T13:27:26","modified_gmt":"2017-02-10T13:27:26","slug":"feria-de-empleo-2017-participacion-de-empresas","status":"publish","type":"page","link":"https:\/\/web.palmaactiva.com\/es\/empleo\/feria-de-empleo-2017-participacion-de-empresas\/","title":{"rendered":"Feria de Empleo 2017 | Participaci\u00f3n de empresas"},"content":{"rendered":"<figure id=\"attachment_1756\" aria-describedby=\"caption-attachment-1756\" style=\"width: 1200px\" class=\"wp-caption aligncenter\"><img decoding=\"async\" loading=\"lazy\" src=\"https:\/\/web.palmaactiva.com\/wp-content\/uploads\/2017\/01\/banner_web_alt_page_esp.jpg\" alt=\"Banner Feria del Empleo\" width=\"1200\" height=\"430\" class=\"size-full wp-image-1756\" \/><figcaption id=\"caption-attachment-1756\" class=\"wp-caption-text\">Feria del Empleo<\/figcaption><\/figure>\n<h4>Bienvenido al formulario de inscripci\u00f3n de empresas para la Feria de Empleo 2017<\/h4>\nLa inscripci\u00f3n para participar en la pr\u00f3xima Feria de Empleo 2017 que se llevar\u00e1 a cabo los pr\u00f3ximos 7 y 8 de marzo en el Recinto del Palma Arena, consta de 2 pasos diferenciados.[fruitful_alert type=\u00bbalert-success\u00bb]\n<h5>IMPORTANTE<\/h5>\n<p>Es importante que descargues y leas las condiciones de uso antes de aceptarlas.<br \/>\nA tener en cuenta:<\/p>\n<ul>\n<li>Tu empresa debe ofrecer al menos <strong>5 vacantes a cubrir durante el 2017<\/strong>.<\/li>\n<li><strong>Se debe realizar un dep\u00f3sito bancario como fianza<\/strong> para participar en la feria. Esta fianza se devolver\u00e1 en un m\u00e1ximo de 48 horas tras finalizar la feria si no hay incumplimiento de las normas de participaci\u00f3n. Los detalles est\u00e1n en el documento.<\/li>\n<\/ul>\n[\/fruitful_alert]\n&nbsp;<\/p>\n<h4>\n<ul>\n<li>PASO 1. Aceptar las condiciones de uso y dar de alta a tu empresa.<\/li>\n<li>PASO 2. Registrar todos los perfiles profesionales que te interesa buscar a trav\u00e9s de la Feria indicando el CIF de tu empresa.<\/li>\n<\/ul>\n<\/h4>\n\n[fruitful_tabs type=\u00bbaccordion\u00bb width=\u00bb100%\u00bb]\n[fruitful_tab title=\u00bbPASO 1. Registrar empresa\u00bb][fruitful_alert type=\u00bbalert-success\u00bb]ATENCI\u00d3N: Si ya has registrado tu empresa, puedes omitir este paso[\/fruitful_alert]Lo sentimos, ha finalizado el plazo de inscripci\u00f3n[\/fruitful_tab]\n[fruitful_tab title=\u00bbPASO 2. Registrar perfiles profesionales demandados\u00bb][fruitful_alert type=\u00bbalert-info\u00bb]ATENCI\u00d3N: Mediante el CIF de tu empresa puedes registrar tantos perfiles como quieras[\/fruitful_alert]Lo sentimos, ha finalizado el plazo de inscripci\u00f3n[\/fruitful_tab]\n[\/fruitful_tabs]","protected":false},"excerpt":{"rendered":"<p>Bienvenido al formulario de inscripci\u00f3n de empresas para la Feria de Empleo 2017 La inscripci\u00f3n para participar en la pr\u00f3xima Feria de Empleo 2017 que se llevar\u00e1 a cabo los pr\u00f3ximos 7 y 8 de marzo en el Recinto del Palma Arena, consta de 2 pasos diferenciados.[fruitful_alert type=\u00bbalert-success\u00bb] IMPORTANTE Es importante que descargues y leas [&hellip;]<\/p>\n","protected":false},"author":1,"featured_media":0,"parent":31,"menu_order":0,"comment_status":"closed","ping_status":"closed","template":"","meta":{"footnotes":""},"_links":{"self":[{"href":"https:\/\/web.palmaactiva.com\/es\/wp-json\/wp\/v2\/pages\/1690"}],"collection":[{"href":"https:\/\/web.palmaactiva.com\/es\/wp-json\/wp\/v2\/pages"}],"about":[{"href":"https:\/\/web.palmaactiva.com\/es\/wp-json\/wp\/v2\/types\/page"}],"author":[{"embeddable":true,"href":"https:\/\/web.palmaactiva.com\/es\/wp-json\/wp\/v2\/users\/1"}],"replies":[{"embeddable":true,"href":"https:\/\/web.palmaactiva.com\/es\/wp-json\/wp\/v2\/comments?post=1690"}],"version-history":[{"count":5,"href":"https:\/\/web.palmaactiva.com\/es\/wp-json\/wp\/v2\/pages\/1690\/revisions"}],"predecessor-version":[{"id":2135,"href":"https:\/\/web.palmaactiva.com\/es\/wp-json\/wp\/v2\/pages\/1690\/revisions\/2135"}],"up":[{"embeddable":true,"href":"https:\/\/web.palmaactiva.com\/es\/wp-json\/wp\/v2\/pages\/31"}],"wp:attachment":[{"href":"https:\/\/web.palmaactiva.com\/es\/wp-json\/wp\/v2\/media?parent=1690"}],"curies":[{"name":"wp","href":"https:\/\/api.w.org\/{rel}","templated":true}]}}