{"id":1677,"date":"2016-12-23T07:45:49","date_gmt":"2016-12-23T07:45:49","guid":{"rendered":"http:\/\/web.palmaactiva.com\/?page_id=1677"},"modified":"2016-12-23T08:45:09","modified_gmt":"2016-12-23T08:45:09","slug":"programa-jovenes-cualificados","status":"publish","type":"page","link":"https:\/\/web.palmaactiva.com\/es\/empleo\/ofertas-de-empleo\/programa-jovenes-cualificados\/","title":{"rendered":"Programa J\u00f3venes Cualificados"},"content":{"rendered":"<figure id=\"attachment_1684\" aria-describedby=\"caption-attachment-1684\" style=\"width: 1200px\" class=\"wp-caption aligncenter\"><img decoding=\"async\" loading=\"lazy\" src=\"https:\/\/web.palmaactiva.com\/wp-content\/uploads\/2016\/12\/wbxdgs_d17u-ilya-pavlov_facebook_esp.jpg\" alt=\"Programa J\u00f3venes Cualificados\" width=\"1200\" height=\"628\" class=\"size-full wp-image-1684\" \/><figcaption id=\"caption-attachment-1684\" class=\"wp-caption-text\">Programa J\u00f3venes Cualificados<\/figcaption><\/figure>\n<h4>\u00abJ\u00f3venes Cualificados\u00bb es un programa que permitir\u00e1 la contrataci\u00f3n en PalmaActiva de 54 j\u00f3venes, desocupados mayores de 18 a\u00f1os y menores de 30.<\/h4>\n<p>Para poder participar en el proceso de selecci\u00f3n, <strong>es necesario estar inscritos en el <a href=\"http:\/\/www.empleo.gob.es\/es\/garantiajuvenil\/home.html\">Sistema Nacional de Garant\u00eda Juvenil<\/a>, adem\u00e1s de tener formaci\u00f3n acad\u00e9mica o profesional de grado superior acreditada, sin o poca experiencia laboral previa en su formaci\u00f3n<\/strong>, para ejecutar obras o servicios de inter\u00e9s general o social del Ayuntamiento de Palma<\/p>\n<p>En el marco de este programa, PalmaActiva, tiene prevista la contrataci\u00f3n de los siguientes perfiles: T\u00e9cnico\/a indicadores medioambientales, Veterinario\/a, Dise\u00f1ador\/a gr\u00e1fico\/a, Animador\/a sociocultural, T\u00e9cnico\/a organizador\/a de actividades deportivas, Graduado\/a en derecho, Educador\/a social, Arquitecto, Delineante, T\u00e9cnico patrimonio hist\u00f3rico, T\u00e9cnico de recursos humanos, Psic\u00f3logo\/a&#8230; entre otros.<\/p>\n<p>Si est\u00e1 interesado\/a en participar en el proceso de selecci\u00f3n, inf\u00f3rmate en tu oficina del <a href=\"https:\/\/www.caib.es\/seucaib\/ca\/tramites\/tramite\/2720311\"><strong>Servicio de Ocupaci\u00f3n de las Islas Baleares (SOIB)<\/strong><\/a><br \/>\n\n<div class='w3eden'><!-- WPDM Link Template: Default Template -->\n\n<div class=\"link-template-default card mb-2\">\n    <div class=\"card-body\">\n        <div class=\"media\">\n            <div class=\"mr-3 img-48\"><img class=\"wpdm_icon\" alt=\"Icona\" src=\"https:\/\/web.palmaactiva.com\/wp-content\/plugins\/download-manager\/assets\/file-type-icons\/pdf.svg\" \/><\/div>\n            <div class=\"media-body\">\n                <h3 class=\"package-title\"><a href='https:\/\/web.palmaactiva.com\/es\/download\/convocatoria-jovenes-cualificados\/'>Convocatoria J\u00f3venes Cualificados<\/a><\/h3>\n                <div class=\"text-muted text-small\"><i class=\"fas fa-copy\"><\/i> 1 fitxer(s) <i class=\"fas fa-hdd ml-3\"><\/i> 300KB<\/div>\n            <\/div>\n            <div class=\"ml-3\">\n                <a class='wpdm-download-link download-on-click btn btn-primary btn-sm' rel='nofollow' href='#' data-downloadurl=\"https:\/\/web.palmaactiva.com\/es\/download\/convocatoria-jovenes-cualificados\/?wpdmdl=1681&refresh=69d27920f3d941775401248\">Descargar<\/a>\n            <\/div>\n        <\/div>\n    <\/div>\n<\/div>\n\n<\/div>","protected":false},"excerpt":{"rendered":"<p>\u00abJ\u00f3venes Cualificados\u00bb es un programa que permitir\u00e1 la contrataci\u00f3n en PalmaActiva de 54 j\u00f3venes, desocupados mayores de 18 a\u00f1os y menores de 30. Para poder participar en el proceso de selecci\u00f3n, es necesario estar inscritos en el Sistema Nacional de Garant\u00eda Juvenil, adem\u00e1s de tener formaci\u00f3n acad\u00e9mica o profesional de grado superior acreditada, sin o [&hellip;]<\/p>\n","protected":false},"author":1,"featured_media":0,"parent":186,"menu_order":0,"comment_status":"closed","ping_status":"closed","template":"","meta":{"footnotes":""},"_links":{"self":[{"href":"https:\/\/web.palmaactiva.com\/es\/wp-json\/wp\/v2\/pages\/1677"}],"collection":[{"href":"https:\/\/web.palmaactiva.com\/es\/wp-json\/wp\/v2\/pages"}],"about":[{"href":"https:\/\/web.palmaactiva.com\/es\/wp-json\/wp\/v2\/types\/page"}],"author":[{"embeddable":true,"href":"https:\/\/web.palmaactiva.com\/es\/wp-json\/wp\/v2\/users\/1"}],"replies":[{"embeddable":true,"href":"https:\/\/web.palmaactiva.com\/es\/wp-json\/wp\/v2\/comments?post=1677"}],"version-history":[{"count":5,"href":"https:\/\/web.palmaactiva.com\/es\/wp-json\/wp\/v2\/pages\/1677\/revisions"}],"predecessor-version":[{"id":1687,"href":"https:\/\/web.palmaactiva.com\/es\/wp-json\/wp\/v2\/pages\/1677\/revisions\/1687"}],"up":[{"embeddable":true,"href":"https:\/\/web.palmaactiva.com\/es\/wp-json\/wp\/v2\/pages\/186"}],"wp:attachment":[{"href":"https:\/\/web.palmaactiva.com\/es\/wp-json\/wp\/v2\/media?parent=1677"}],"curies":[{"name":"wp","href":"https:\/\/api.w.org\/{rel}","templated":true}]}}