{"id":15340,"date":"2018-10-19T07:35:06","date_gmt":"2018-10-19T07:35:06","guid":{"rendered":"https:\/\/web.palmaactiva.com\/?page_id=15340"},"modified":"2021-02-24T06:25:51","modified_gmt":"2021-02-24T06:25:51","slug":"cursos-monografics-despecialitzacio","status":"publish","type":"page","link":"https:\/\/web.palmaactiva.com\/es\/cursos-de-formacion\/cursos-de-formacion-en-oficios\/cursos-monografics-despecialitzacio\/","title":{"rendered":"Cursos monogr\u00e1ficos de especializaci\u00f3n"},"content":{"rendered":"<p><img decoding=\"async\" loading=\"lazy\" src=\"https:\/\/web.palmaactiva.com\/wp-content\/uploads\/2021\/02\/banner-monografics.jpg\" alt=\"\" width=\"1200\" height=\"627\" class=\"alignnone size-full wp-image-44134\" \/><\/p>\n<p>&nbsp;<br \/>\n<div class=\"su-note\"  style=\"border-color:#e0e0e0;border-radius:3px;-moz-border-radius:3px;-webkit-border-radius:3px;\"><div class=\"su-note-inner su-u-clearfix su-u-trim\" style=\"background-color:#fafafa;border-color:#ffffff;color:#000000;border-radius:3px;-moz-border-radius:3px;-webkit-border-radius:3px;\">\n<h4>Cursos monogr\u00e1ficos de especializaci\u00f3n:<\/h4>\nFormaci\u00f3n monogr\u00e1fica de especializaci\u00f3n dirigida a profesionales del sector de la restauraci\u00f3n y la n\u00e1utica, con el objetivo de mejorar su capacitaci\u00f3n profesional. Haz clic en el siguiente bot\u00f3n y se abrir\u00e1 una nueva pesta\u00f1a con la lista de los pr\u00f3ximos cursos monogr\u00e1ficos de especializaci\u00f3n para que puedas preinscribirte.<br \/>\u00a1Pon la guinda a tu formaci\u00f3n profesional! ;)\n<div class=\"su-button-center\"><a href=\"https:\/\/palmaactiva.palmademallorca.es\/portal\/PALMA\/palmaactiva\/contenedor1.jsp?seccion=buscador_acc.jsp&#038;layout=contenedor1.jsp&#038;codResi=1&#038;codMenu=2224&#038;time=1576580233981&#038;language=ca&#038;tamanoPagina=100&#038;brnconSel=33\" class=\"su-button su-button-style-flat\" style=\"color:#ffffff;background-color:#e03e52;border-color:#b43242;border-radius:8px;-moz-border-radius:8px;-webkit-border-radius:8px\" target=\"_blank\" rel=\"noopener noreferrer\"><span style=\"color:#ffffff;padding:7px 22px;font-size:17px;line-height:26px;border-color:#ea7886;border-radius:8px;-moz-border-radius:8px;-webkit-border-radius:8px;text-shadow:none;-moz-text-shadow:none;-webkit-text-shadow:none\"><i class=\"sui sui-th-list\" style=\"font-size:17px;color:#FFFFFF\"><\/i> Ver cursos monogr\u00e1ficos de especializaci\u00f3n<\/span><\/a><\/div><\/div><\/div>\n<!--[calendar id=\"1027\"]--><\/p>","protected":false},"excerpt":{"rendered":"<p>&nbsp;<\/p>\n","protected":false},"author":1,"featured_media":0,"parent":264,"menu_order":0,"comment_status":"closed","ping_status":"closed","template":"","meta":{"footnotes":""},"_links":{"self":[{"href":"https:\/\/web.palmaactiva.com\/es\/wp-json\/wp\/v2\/pages\/15340"}],"collection":[{"href":"https:\/\/web.palmaactiva.com\/es\/wp-json\/wp\/v2\/pages"}],"about":[{"href":"https:\/\/web.palmaactiva.com\/es\/wp-json\/wp\/v2\/types\/page"}],"author":[{"embeddable":true,"href":"https:\/\/web.palmaactiva.com\/es\/wp-json\/wp\/v2\/users\/1"}],"replies":[{"embeddable":true,"href":"https:\/\/web.palmaactiva.com\/es\/wp-json\/wp\/v2\/comments?post=15340"}],"version-history":[{"count":5,"href":"https:\/\/web.palmaactiva.com\/es\/wp-json\/wp\/v2\/pages\/15340\/revisions"}],"predecessor-version":[{"id":44135,"href":"https:\/\/web.palmaactiva.com\/es\/wp-json\/wp\/v2\/pages\/15340\/revisions\/44135"}],"up":[{"embeddable":true,"href":"https:\/\/web.palmaactiva.com\/es\/wp-json\/wp\/v2\/pages\/264"}],"wp:attachment":[{"href":"https:\/\/web.palmaactiva.com\/es\/wp-json\/wp\/v2\/media?parent=15340"}],"curies":[{"name":"wp","href":"https:\/\/api.w.org\/{rel}","templated":true}]}}