{"id":15338,"date":"2018-10-19T07:33:58","date_gmt":"2018-10-19T07:33:58","guid":{"rendered":"https:\/\/web.palmaactiva.com\/?page_id=15338"},"modified":"2021-03-22T11:00:01","modified_gmt":"2021-03-22T11:00:01","slug":"certificats-de-professionalitat","status":"publish","type":"page","link":"https:\/\/web.palmaactiva.com\/es\/cursos-de-formacion\/cursos-de-formacion-en-oficios\/certificats-de-professionalitat\/","title":{"rendered":"Certificados de profesionalidad"},"content":{"rendered":"<img decoding=\"async\" loading=\"lazy\" class=\"alignnone size-full wp-image-16292\" src=\"https:\/\/web.palmaactiva.com\/wp-content\/uploads\/2018\/11\/3b-profesionalidad.jpg\" alt=\"\" width=\"1617\" height=\"845\" srcset=\"https:\/\/web.palmaactiva.com\/wp-content\/uploads\/2018\/11\/3b-profesionalidad.jpg 1617w, https:\/\/web.palmaactiva.com\/wp-content\/uploads\/2018\/11\/3b-profesionalidad-300x157.jpg 300w, https:\/\/web.palmaactiva.com\/wp-content\/uploads\/2018\/11\/3b-profesionalidad-768x401.jpg 768w, https:\/\/web.palmaactiva.com\/wp-content\/uploads\/2018\/11\/3b-profesionalidad-1024x535.jpg 1024w\" sizes=\"(max-width: 1617px) 100vw, 1617px\" \/>\nFormaci\u00f3n conducente a la obtenci\u00f3n de un certificado de profesionalidad del cat\u00e1logo nacional de cualificaciones profesionales. Esta formaci\u00f3n est\u00e1 financiada con fondos propios de PalmaActiva, dirigida a personas sin un perfil profesional definido o que precisan de una reorientaci\u00f3n profesional.","protected":false},"excerpt":{"rendered":"<p>Formaci\u00f3n conducente a la obtenci\u00f3n de un certificado de profesionalidad del cat\u00e1logo nacional de cualificaciones profesionales. Esta formaci\u00f3n est\u00e1 financiada con fondos propios de PalmaActiva, dirigida a personas sin un perfil profesional definido o que precisan de una reorientaci\u00f3n profesional.<\/p>\n","protected":false},"author":1,"featured_media":0,"parent":264,"menu_order":0,"comment_status":"closed","ping_status":"closed","template":"","meta":{"footnotes":""},"_links":{"self":[{"href":"https:\/\/web.palmaactiva.com\/es\/wp-json\/wp\/v2\/pages\/15338"}],"collection":[{"href":"https:\/\/web.palmaactiva.com\/es\/wp-json\/wp\/v2\/pages"}],"about":[{"href":"https:\/\/web.palmaactiva.com\/es\/wp-json\/wp\/v2\/types\/page"}],"author":[{"embeddable":true,"href":"https:\/\/web.palmaactiva.com\/es\/wp-json\/wp\/v2\/users\/1"}],"replies":[{"embeddable":true,"href":"https:\/\/web.palmaactiva.com\/es\/wp-json\/wp\/v2\/comments?post=15338"}],"version-history":[{"count":5,"href":"https:\/\/web.palmaactiva.com\/es\/wp-json\/wp\/v2\/pages\/15338\/revisions"}],"predecessor-version":[{"id":44272,"href":"https:\/\/web.palmaactiva.com\/es\/wp-json\/wp\/v2\/pages\/15338\/revisions\/44272"}],"up":[{"embeddable":true,"href":"https:\/\/web.palmaactiva.com\/es\/wp-json\/wp\/v2\/pages\/264"}],"wp:attachment":[{"href":"https:\/\/web.palmaactiva.com\/es\/wp-json\/wp\/v2\/media?parent=15338"}],"curies":[{"name":"wp","href":"https:\/\/api.w.org\/{rel}","templated":true}]}}