{"id":15334,"date":"2018-10-19T07:30:32","date_gmt":"2018-10-19T07:30:32","guid":{"rendered":"https:\/\/web.palmaactiva.com\/?page_id=15334"},"modified":"2025-10-22T14:49:40","modified_gmt":"2025-10-22T12:49:40","slug":"programes-mixtes-docupacio-i-formacio","status":"publish","type":"page","link":"https:\/\/web.palmaactiva.com\/es\/cursos-de-formacion\/cursos-de-formacion-en-oficios\/programes-mixtes-docupacio-i-formacio\/","title":{"rendered":"Programas mixtos de empleo y formaci\u00f3n"},"content":{"rendered":"<div class=\"su-note\"  style=\"border-color:#e0e0e0;border-radius:3px;-moz-border-radius:3px;-webkit-border-radius:3px;\"><div class=\"su-note-inner su-u-clearfix su-u-trim\" style=\"background-color:#FAFAFA;border-color:#ffffff;color:#000000;border-radius:3px;-moz-border-radius:3px;-webkit-border-radius:3px;\"><strong>ATENCI\u00d3N<\/strong>. Iniciamos la selecci\u00f3n de alumnado-trabajador y personal t\u00e9cnico para los proyectos de PalmaActiva de la convocatoria SOIB Formaci\u00f3n en alternancia en el sector p\u00fablico instrumental, las entidades locales y el tercer sector de acci\u00f3n social 2025-2026.\n&nbsp;<br \/>\n<div class=\"su-row\"><div class=\"su-column su-column-size-1-2\"><div class=\"su-column-inner su-u-clearfix su-u-trim\">\n<div class=\"dt-service-more\" style=\"text-align: center; margin-bottom: 5px; margin-top: 5px;\">\n    <a href=\"https:\/\/web.palmaactiva.com\/cursos-de-formacion\/cursos-de-formacion-en-oficios\/programes-mixtes-docupacio-i-formacio\/programes-mixtos-docupacio-i-formacio-2025-2026\" target=\"_blank\" rel=\"noopener\" style=\"display: inline-flex; align-items: center; justify-content: center; padding: 10px 30px; border-radius: 2px; text-transform: uppercase; text-decoration: none; max-width: 100%; box-sizing: border-box;\"><i class=\"fa fa-user\" style=\"margin-right: 10px;\"><\/i><span style=\"display: inline-flex; line-height: 1.5;\">Participar como alumnado-trabajador<\/span><\/a>\n<\/div>\n<\/div><\/div><div class=\"su-column su-column-size-1-2\"><div class=\"su-column-inner su-u-clearfix su-u-trim\">\n<div class=\"dt-service-more\" style=\"text-align: center; margin-bottom: 5px; margin-top: 5px;\">\n    <a href=\"https:\/\/web.palmaactiva.com\/cursos-de-formacion\/cursos-de-formacion-en-oficios\/programes-mixtes-docupacio-i-formacio\/informacio-per-a-la-seleccio-de-personal-de-gestio-dels-programes-mixtos\/\" target=\"_blank\" rel=\"noopener\" style=\"display: inline-flex; align-items: center; justify-content: center; padding: 10px 30px; border-radius: 2px; text-transform: uppercase; text-decoration: none; max-width: 100%; box-sizing: border-box;\"><i class=\"fa fa-gears\" style=\"margin-right: 10px;\"><\/i><span style=\"display: inline-flex; line-height: 1.5;\">Selecci\u00f3n personal de gesti\u00f3n<\/span><\/a>\n<\/div>\n<\/div><\/div><\/div><\/div><\/div>\n<div class=\"su-row\"><div class=\"su-column su-column-size-1-2\"><div class=\"su-column-inner su-u-clearfix su-u-trim\"><div class=\"su-youtube su-u-responsive-media-yes\"><iframe width=\"640\" height=\"360\" src=\"https:\/\/www.youtube.com\/embed\/ecqRvac1myo?autohide=2&amp;autoplay=0&amp;mute=0&amp;controls=1&amp;fs=1&amp;loop=0&amp;modestbranding=0&amp;rel=0&amp;showinfo=0&amp;theme=light&amp;wmode=&amp;playsinline=0\" frameborder=\"0\" allowfullscreen allow=\"autoplay; encrypted-media; picture-in-picture\" title=\"\"><\/iframe><\/div><\/div><\/div><div class=\"su-column su-column-size-1-2\"><div class=\"su-column-inner su-u-clearfix su-u-trim\">La Formaci\u00f3n en Alternancia combina formaci\u00f3n y experiencia pr\u00e1ctica (trabajo efectivo) con el objetivo de mejorar las competencias profesionales de las personas participantes, obteniendo certificados de profesionalidad en especialidades formativas espec\u00edficas en cada programa.\n<\/div><\/div><\/div>\n<div class=\"su-divider su-divider-style-default\" style=\"margin:15px 0;border-width:1px;border-color:#999999\"><\/div>\n<!-- [su_row][su_column size=\"1\/3\"]\n\n\n<h4>Palma Web III\nSOIB Jove<\/h4>\n\n\n<img decoding=\"async\" loading=\"lazy\" class=\"aligncenter size-full wp-image-4674\" src=\"https:\/\/web.palmaactiva.com\/wp-content\/uploads\/2018\/01\/palmaweb.png\" alt=\"\" width=\"1200\" height=\"627\" \/>\nEs un programa mixto que combina la formaci\u00f3n del certificado de profesionalidad de confecci\u00f3n y publicaci\u00f3n de p\u00e1ginas web y el trabajo efectivo en el \u00e1rea de innovaci\u00f3n del Ayuntamiento de Palma (IMI). Las personas participantes tienen un contrato para la formaci\u00f3n durante 12 meses, 15 de marzo de 2019 al 14 de marzo de 2020.\n\n<strong>Los trabajos a realizar son:<\/strong>\n\u2022 Construir p\u00e1ginas web.\n\u2022 Integrar componentes de software a p\u00e1ginas web.\n\u2022 Publicar p\u00e1ginas web.\n\n<strong>Requisitos para participar:<\/strong>\n\u2022 Ser menor de 30 a\u00f1os y estar inscrito como demandante de empleo en el SOIB.\n\u2022 Cumplir con los requisitos para poder formalizar contrato de formaci\u00f3n.\n\u2022 Tener las competencias de inform\u00e1tica m\u00ednimo nivel usuario \/ a\n\u2022 Requisitos de titulaci\u00f3n \/ formaci\u00f3n necesarios para acceder al certificado de profesionalidad de nivel 2: Graduado en ESO, 2\u00ba curso de BUP, CP de nivel 2, CP de nivel 1 de la misma familia y \u00e1rea profesional, T\u00edtulo de t\u00e9cnico auxiliar (FP1), T\u00edtulo de Formaci\u00f3n profesional b\u00e1sica (que incluya al menos un CP de la misma familia), Cumplir con los requisitos acad\u00e9micos de acceso a los ciclos formativos de grado medio, tener superada la prueba de acceso a la universidad para mayores de 25 a\u00f1os y \/ o 45 a\u00f1os, tener o superar las pruebas de competencias clave necesarias para cursar con aprovechamiento la formaci\u00f3n correspondiente al certificado de profesionalidad.\n[\/su_column][su_column size=\"1\/3\"]\n\n\n<h4>Palma Chapa y Mec\u00e1nica IV\nSOIB 30<\/h4>\n\n\n<img decoding=\"async\" loading=\"lazy\" class=\"aligncenter size-full wp-image-4675\" src=\"https:\/\/web.palmaactiva.com\/wp-content\/uploads\/2018\/01\/xapamecanica.png\" alt=\"\" width=\"1200\" height=\"627\" \/>\nEs un programa mixto que combina la formaci\u00f3n de los certificados de profesionalidad de operaciones auxiliares de mantenimiento de carrocer\u00eda y electromec\u00e1nica de veh\u00edculos y el trabajo efectivo en los talleres mec\u00e1nicos de la Polic\u00eda Local de Palma y de la EMT. Las personas participantes tienen un contrato para la formaci\u00f3n durante 12 meses, 15 de marzo de 2019 al 14 de marzo de 2020.\n\n<strong>Los trabajos a realizar son:<\/strong>\n\u2022 Operaciones auxiliares de mantenimiento de carrocer\u00eda de veh\u00edculos\n\u2022 Efectuar operaciones de mecanizado b\u00e1sico\n\u2022 Desmontar, montar y sustituir elementos mec\u00e1nicos simples del veh\u00edculo\n\u2022 Desmontar, montar y sustituir elementos el\u00e9ctricos simples del veh\u00edculo\n\u2022 Desmontar, montar y sustituir elementos amovibles simples de un veh\u00edculo\n\u2022 Realizar operaciones auxiliares de preparaci\u00f3n de superficies\n\n<strong>Requisitos para participar:<\/strong>\n\u2022 Ser mayor de 30 a\u00f1os y estar inscrito como demandante de empleo en el SOIB\n\u2022 Cumplir con los requisitos para poder formalizar contrato de formaci\u00f3n.\n[\/su_column][su_column size=\"1\/3\"]\n\n\n<h4>Palma Micromachine IV\nSOIB 30<\/h4>\n\n\n<img decoding=\"async\" loading=\"lazy\" class=\"aligncenter size-full wp-image-4676\" src=\"https:\/\/web.palmaactiva.com\/wp-content\/uploads\/2018\/01\/micro.png\" alt=\"\" width=\"1200\" height=\"627\" \/>\nEs un programa mixto que combina la formaci\u00f3n del certificado de profesionalidad de operaciones auxiliares de sistemas microinform\u00e1ticos y el trabajo efectivo en el \u00e1rea de innovaci\u00f3n del Ayuntamiento de Palma (IMI). Las personas participantes tienen un contrato para la formaci\u00f3n durante 12 meses, del 15 de mar\u00e7 de 2019 al 14 de mar\u00e7 de 2020.\n\n<strong>Los trabajos a realizar son:<\/strong>\n\u2022 Realizar operaciones auxiliares de mantenimiento de sistemas microinform\u00e1ticos.\n\u2022 Realizar operaciones auxiliares con tecnolog\u00edas de la informaci\u00f3n y la comunicaci\u00f3n.\n\u2022 Realizar operaciones de conexionado en el montaje de equipos el\u00e9ctricos y electr\u00f3nicos.\n\u2022 Realizar operaciones auxiliares de montaje de equipos microinform\u00e1ticos.\n\u2022 Instalaci\u00f3n y configuraci\u00f3n de equipos inform\u00e1ticos.\n\u2022 Soporte t\u00e9cnico a los usuarios en caso de incidencias.\n\u2022 Revisi\u00f3n, mantenimiento y reparaci\u00f3n de material inform\u00e1tico.\n\n<strong>Requisitos para participar:<\/strong>\n\u2022 Ser mayor de 30 a\u00f1os y estar inscrito como demandante de empleo en el SOIB\n\u2022 Cumplir con los requisitos para poder formalizar contrato de formaci\u00f3n.\n[\/su_column][\/su_row] --><\/p>","protected":false},"excerpt":{"rendered":"","protected":false},"author":1,"featured_media":0,"parent":264,"menu_order":0,"comment_status":"closed","ping_status":"closed","template":"","meta":{"footnotes":""},"_links":{"self":[{"href":"https:\/\/web.palmaactiva.com\/es\/wp-json\/wp\/v2\/pages\/15334"}],"collection":[{"href":"https:\/\/web.palmaactiva.com\/es\/wp-json\/wp\/v2\/pages"}],"about":[{"href":"https:\/\/web.palmaactiva.com\/es\/wp-json\/wp\/v2\/types\/page"}],"author":[{"embeddable":true,"href":"https:\/\/web.palmaactiva.com\/es\/wp-json\/wp\/v2\/users\/1"}],"replies":[{"embeddable":true,"href":"https:\/\/web.palmaactiva.com\/es\/wp-json\/wp\/v2\/comments?post=15334"}],"version-history":[{"count":16,"href":"https:\/\/web.palmaactiva.com\/es\/wp-json\/wp\/v2\/pages\/15334\/revisions"}],"predecessor-version":[{"id":54263,"href":"https:\/\/web.palmaactiva.com\/es\/wp-json\/wp\/v2\/pages\/15334\/revisions\/54263"}],"up":[{"embeddable":true,"href":"https:\/\/web.palmaactiva.com\/es\/wp-json\/wp\/v2\/pages\/264"}],"wp:attachment":[{"href":"https:\/\/web.palmaactiva.com\/es\/wp-json\/wp\/v2\/media?parent=15334"}],"curies":[{"name":"wp","href":"https:\/\/api.w.org\/{rel}","templated":true}]}}