{"id":136,"date":"2016-05-24T06:53:07","date_gmt":"2016-05-24T06:53:07","guid":{"rendered":"http:\/\/web.palmaactiva.com\/?page_id=136"},"modified":"2021-12-02T14:29:07","modified_gmt":"2021-12-02T13:29:07","slug":"recursos-de-empleo","status":"publish","type":"page","link":"https:\/\/web.palmaactiva.com\/es\/empleo\/recursos-de-empleo\/","title":{"rendered":"Recursos de empleo"},"content":{"rendered":"<h3>Servicio de autoconsulta<\/h3>\n<figure id=\"attachment_869\" aria-describedby=\"caption-attachment-869\" style=\"width: 300px\" class=\"wp-caption alignleft\"><img decoding=\"async\" loading=\"lazy\" class=\"size-medium wp-image-869\" src=\"https:\/\/web.palmaactiva.com\/wp-content\/uploads\/2016\/05\/481290_302784116473690_2126881180_n-300x200.jpg\" alt=\"Servicio de autoconsulta PalmaActiva\" width=\"300\" height=\"200\" srcset=\"https:\/\/web.palmaactiva.com\/wp-content\/uploads\/2016\/05\/481290_302784116473690_2126881180_n-300x200.jpg 300w, https:\/\/web.palmaactiva.com\/wp-content\/uploads\/2016\/05\/481290_302784116473690_2126881180_n-768x512.jpg 768w, https:\/\/web.palmaactiva.com\/wp-content\/uploads\/2016\/05\/481290_302784116473690_2126881180_n-400x268.jpg 400w, https:\/\/web.palmaactiva.com\/wp-content\/uploads\/2016\/05\/481290_302784116473690_2126881180_n.jpg 800w\" sizes=\"(max-width: 300px) 100vw, 300px\" \/><figcaption id=\"caption-attachment-869\" class=\"wp-caption-text\">Servicio de autoconsulta PalmaActiva<\/figcaption><\/figure><strong>El Servicio de autoconsulta<\/strong> es un espacio moderno y equipado para poner al alcance de las personas en b\u00fasqueda de trabajo las herramientas necesarias para buscar trabajo: ordenadores con conexi\u00f3n a Internet, informaci\u00f3n sobre temas relacionados con la b\u00fasqueda de trabajo, prensa diaria, tabl\u00f3n de ofertas de trabajo, etc.<br \/>\n<strong>Requisitos<\/strong>: es necesario poder hacer un uso aut\u00f3nomo del ordenador.<br \/>\n<strong>Direcci\u00f3n<\/strong>: calle Socorro 22, 07002 PALMA<br \/>\n<strong>Horario<\/strong>: lunes y mi\u00e9rcoles de 8:30 a 17:00 ininterrumpidamente y martes, jueves y viernes de 8:30 a 14:30. En verano de lunes a viernes de 8:30 a 14:30 (del 15 de junio al 15 de septiembre)<\/p>\n<h4>Tambi\u00e9n on line<\/h4>\n<p><strong>El Servicio de autoconsulta<\/strong> ahora 24 horas al d\u00eda, 365 d\u00edas al a\u00f1o a tu alcance.\n<a href=\"https:\/\/sites.google.com\/view\/palmaactivacir\/inici\" class=\"su-button su-button-style-flat\" style=\"color:#ffffff;background-color:#4285f4;border-color:#356bc4;border-radius:6px;-moz-border-radius:6px;-webkit-border-radius:6px\" target=\"_blank\" rel=\"noopener noreferrer\"><span style=\"color:#ffffff;padding:6px 18px;font-size:14px;line-height:21px;border-color:#7baaf8;border-radius:6px;-moz-border-radius:6px;-webkit-border-radius:6px;text-shadow:none;-moz-text-shadow:none;-webkit-text-shadow:none\"><i class=\"sui sui-sign-in\" style=\"font-size:14px;color:#FFFFFF\"><\/i> Accede al Servicio de autoconsulta on line<\/span><\/a>","protected":false},"excerpt":{"rendered":"<p>Servicio de autoconsulta El Servicio de autoconsulta es un espacio moderno y equipado para poner al alcance de las personas en b\u00fasqueda de trabajo las herramientas necesarias para buscar trabajo: ordenadores con conexi\u00f3n a Internet, informaci\u00f3n sobre temas relacionados con la b\u00fasqueda de trabajo, prensa diaria, tabl\u00f3n de ofertas de trabajo, etc. Requisitos: es necesario [&hellip;]<\/p>\n","protected":false},"author":1,"featured_media":0,"parent":31,"menu_order":0,"comment_status":"closed","ping_status":"closed","template":"","meta":{"footnotes":""},"_links":{"self":[{"href":"https:\/\/web.palmaactiva.com\/es\/wp-json\/wp\/v2\/pages\/136"}],"collection":[{"href":"https:\/\/web.palmaactiva.com\/es\/wp-json\/wp\/v2\/pages"}],"about":[{"href":"https:\/\/web.palmaactiva.com\/es\/wp-json\/wp\/v2\/types\/page"}],"author":[{"embeddable":true,"href":"https:\/\/web.palmaactiva.com\/es\/wp-json\/wp\/v2\/users\/1"}],"replies":[{"embeddable":true,"href":"https:\/\/web.palmaactiva.com\/es\/wp-json\/wp\/v2\/comments?post=136"}],"version-history":[{"count":5,"href":"https:\/\/web.palmaactiva.com\/es\/wp-json\/wp\/v2\/pages\/136\/revisions"}],"predecessor-version":[{"id":45678,"href":"https:\/\/web.palmaactiva.com\/es\/wp-json\/wp\/v2\/pages\/136\/revisions\/45678"}],"up":[{"embeddable":true,"href":"https:\/\/web.palmaactiva.com\/es\/wp-json\/wp\/v2\/pages\/31"}],"wp:attachment":[{"href":"https:\/\/web.palmaactiva.com\/es\/wp-json\/wp\/v2\/media?parent=136"}],"curies":[{"name":"wp","href":"https:\/\/api.w.org\/{rel}","templated":true}]}}