{"id":1355,"date":"2016-11-25T10:59:20","date_gmt":"2016-11-25T10:59:20","guid":{"rendered":"http:\/\/web.palmaactiva.com\/?page_id=1355"},"modified":"2016-12-02T07:43:21","modified_gmt":"2016-12-02T07:43:21","slug":"i-jornadas-de-establecimientos-emblematicos-de-palma","status":"publish","type":"page","link":"https:\/\/web.palmaactiva.com\/es\/comercio\/i-jornadas-de-establecimientos-emblematicos-de-palma\/","title":{"rendered":"I Jornadas de Establecimientos Emblem\u00e1ticos de Palma"},"content":{"rendered":"<h4 style=\"text-align: center;\"><i class=\"fa fa-map-marker colorear\"><\/i> PalmaActiva &#8211; Socors 22 Palma | <i class=\"fa fa-calendar colorear\"><\/i> 2 de diciembre 2016 de 9:30h a 13:30h y 16:30h a 18h<\/h4>\n<div class=\"su-divider su-divider-style-default\" style=\"margin:15px 0;border-width:3px;border-color:#999999\"><\/div>\n<figure id=\"attachment_1360\" aria-describedby=\"caption-attachment-1360\" style=\"width: 1083px\" class=\"wp-caption aligncenter\"><img decoding=\"async\" loading=\"lazy\" class=\"size-full wp-image-1360\" src=\"https:\/\/web.palmaactiva.com\/wp-content\/uploads\/2016\/11\/bannerjornades2.png\" alt=\"I Jornadas de Establecimientos Emblem\u00e0ticos de Palma\" width=\"1083\" height=\"537\" srcset=\"https:\/\/web.palmaactiva.com\/wp-content\/uploads\/2016\/11\/bannerjornades2.png 1083w, https:\/\/web.palmaactiva.com\/wp-content\/uploads\/2016\/11\/bannerjornades2-300x149.png 300w, https:\/\/web.palmaactiva.com\/wp-content\/uploads\/2016\/11\/bannerjornades2-768x381.png 768w, https:\/\/web.palmaactiva.com\/wp-content\/uploads\/2016\/11\/bannerjornades2-1024x508.png 1024w\" sizes=\"(max-width: 1083px) 100vw, 1083px\" \/><figcaption id=\"caption-attachment-1360\" class=\"wp-caption-text\">I Jornadas de Establecimientos Emblem\u00e0ticos de Palma<\/figcaption><\/figure>\n<h4>PROGRAMA<\/h4>\n\n<h5>9:30h<\/h5>\n<p><strong>Acto de inauguraci\u00f3n<\/strong> y de bienvenida a cargo de Jos\u00e9 Francisco Hila, alcalde de Palma y de Juana Mar\u00eda Adrover, concejala de Turismo, Comercio y Trabajo del Ayuntamiento de Palma.<\/p>\n<h5>9:45h<\/h5>\n<p><strong>\u00abReferentes de protecci\u00f3n patrimonial de los establecimientos comerciales hist\u00f3ricos\u00bb<\/strong><br \/>\nPonente: Antoni Vilanova, arquitecto y presidente de la Agrupaci\u00f3n de Arquitectos para la Defensa y la Intervenci\u00f3n en el Patrimonio Arquitect\u00f3nico (AADIPA) del Colegio Oficial de Arquitectos de Catalu\u00f1a (COAC).<\/p>\n<h5>10:30h<\/h5>\n<p><strong>\u00abUna introducci\u00f3n a la historia comercial de Palma\u00bb<\/strong><br \/>\nPonente: Joan Mas, historiador y autor de los libros Historia de la ciudad de Palma, Palma en bicicleta y Los mallorquines de Franco, y creador de la web de rutas de ciclismo cultural <a href=\"http:\/\/www.goodbikemallorca.com\">www.goodbikemallorca.com<\/a>.<\/p>\n<h5>11:00h<\/h5>\n<p><strong>Pausa caf\u00e9.<\/strong><\/p>\n<h5>11:30h<\/h5>\n<p><strong>\u00abIm\u00e1genes del pasado, presente y futuro de los establecimientos emblem\u00e1ticos de la ciudad de Palma\u00bb<\/strong><br \/>\nPonente: Jaume Gual, fot\u00f3grafo y ge\u00f3grafo. Dedica parte de su actividad profesional en proyectos de observaci\u00f3n fotogr\u00e1fica del paisaje. Es colaborador del Grupo de Investigaci\u00f3n sobre Patrimonio, Mass-media e Ilustraci\u00f3n de la UIB.<\/p>\n<h5>12:00h<\/h5>\n<p><strong>\u00abExperiencias. La realidad de los establecimientos emblem\u00e1ticos\u00bb<\/strong><br \/>\nA cargo de:<br \/>\n\u00b7 Pau Llull, del Forn Fondo (1742)<br \/>\n\u00b7 Andr\u00e9s L\u00f3pez, de Can Sion (1878)<br \/>\n\u00b7 Gabriel Serra, de la Ferreter\u00eda La Central (1908)<br \/>\n\u00b7 Nieves Aguil\u00f3, de la Jugueter\u00eda La Industrial (1887).<\/p>\n<h5>13:00h &#8211; 13:30h<\/h5>\n<p><strong>Mesa redonda \/ coloquio<\/strong><br \/>\nModera: Pepa Pel\u00e1ez, directora general de Comercio del Ayuntamiento de Palma.<\/p>\n<h5>16:30h &#8211; 18:00h<\/h5>\n<p><strong>Ruta guiada a establecimientos emblem\u00e1ticos de la ciudad<\/strong><br \/>\nGu\u00eda: Beni Aguil\u00f3, historiadora de arte, dinamizadora y gu\u00eda cultural.<br \/>\n<strong style=\"color:#e03e52;\">Se requiere inscripci\u00f3n previa: Tel. 971214680 o en comerc@palma.es<\/strong><br \/>\n\n<div class=\"su-divider su-divider-style-default\" style=\"margin:15px 0;border-width:3px;border-color:#999999\"><a href=\"#\" style=\"color:#999999\">Go to top<\/a><\/div>\n<h4>Programa en PDF<\/h4>\n<div class='w3eden'><!-- WPDM Link Template: Default Template -->\n\n<div class=\"link-template-default card mb-2\">\n    <div class=\"card-body\">\n        <div class=\"media\">\n            <div class=\"mr-3 img-48\"><img class=\"wpdm_icon\" alt=\"Icona\" src=\"https:\/\/web.palmaactiva.com\/wp-content\/plugins\/download-manager\/assets\/file-type-icons\/pdf.svg\" \/><\/div>\n            <div class=\"media-body\">\n                <h3 class=\"package-title\"><a href='https:\/\/web.palmaactiva.com\/es\/download\/programa-i-jornadas-de-establecimientos-emblematicos-de-palma\/'>Programa I Jornadas de Establecimientos Emblem\u00e1ticos de Palma<\/a><\/h3>\n                <div class=\"text-muted text-small\"><i class=\"fas fa-copy\"><\/i> 1 fitxer(s) <i class=\"fas fa-hdd ml-3\"><\/i> 1.77MB<\/div>\n            <\/div>\n            <div class=\"ml-3\">\n                <a class='wpdm-download-link download-on-click btn btn-primary btn-sm' rel='nofollow' href='#' data-downloadurl=\"https:\/\/web.palmaactiva.com\/es\/download\/programa-i-jornadas-de-establecimientos-emblematicos-de-palma\/?wpdmdl=1369&refresh=69d1a5d219fc51775347154\">Descargar<\/a>\n            <\/div>\n        <\/div>\n    <\/div>\n<\/div>\n\n<\/div>","protected":false},"excerpt":{"rendered":"<p>PalmaActiva &#8211; Socors 22 Palma | 2 de diciembre 2016 de 9:30h a 13:30h y 16:30h a 18h PROGRAMA 9:30h Acto de inauguraci\u00f3n y de bienvenida a cargo de Jos\u00e9 Francisco Hila, alcalde de Palma y de Juana Mar\u00eda Adrover, concejala de Turismo, Comercio y Trabajo del Ayuntamiento de Palma. 9:45h \u00abReferentes de protecci\u00f3n patrimonial [&hellip;]<\/p>\n","protected":false},"author":1,"featured_media":0,"parent":49,"menu_order":0,"comment_status":"closed","ping_status":"closed","template":"","meta":{"footnotes":""},"_links":{"self":[{"href":"https:\/\/web.palmaactiva.com\/es\/wp-json\/wp\/v2\/pages\/1355"}],"collection":[{"href":"https:\/\/web.palmaactiva.com\/es\/wp-json\/wp\/v2\/pages"}],"about":[{"href":"https:\/\/web.palmaactiva.com\/es\/wp-json\/wp\/v2\/types\/page"}],"author":[{"embeddable":true,"href":"https:\/\/web.palmaactiva.com\/es\/wp-json\/wp\/v2\/users\/1"}],"replies":[{"embeddable":true,"href":"https:\/\/web.palmaactiva.com\/es\/wp-json\/wp\/v2\/comments?post=1355"}],"version-history":[{"count":5,"href":"https:\/\/web.palmaactiva.com\/es\/wp-json\/wp\/v2\/pages\/1355\/revisions"}],"predecessor-version":[{"id":1457,"href":"https:\/\/web.palmaactiva.com\/es\/wp-json\/wp\/v2\/pages\/1355\/revisions\/1457"}],"up":[{"embeddable":true,"href":"https:\/\/web.palmaactiva.com\/es\/wp-json\/wp\/v2\/pages\/49"}],"wp:attachment":[{"href":"https:\/\/web.palmaactiva.com\/es\/wp-json\/wp\/v2\/media?parent=1355"}],"curies":[{"name":"wp","href":"https:\/\/api.w.org\/{rel}","templated":true}]}}