{"id":1293,"date":"2016-11-21T08:01:17","date_gmt":"2016-11-21T08:01:17","guid":{"rendered":"http:\/\/web.palmaactiva.com\/?page_id=1293"},"modified":"2016-11-21T08:01:17","modified_gmt":"2016-11-21T08:01:17","slug":"campana-de-navidad-del-pequeno-comercio-fes-nadal-al-petit-comerc","status":"publish","type":"page","link":"https:\/\/web.palmaactiva.com\/es\/comercio\/campana-de-navidad-del-pequeno-comercio-fes-nadal-al-petit-comerc\/","title":{"rendered":"Campa\u00f1a de Navidad del peque\u00f1o comercio: \u00abFes Nadal al Petit Comer\u00e7\u00bb"},"content":{"rendered":"<figure id=\"attachment_1294\" aria-describedby=\"caption-attachment-1294\" style=\"width: 2480px\" class=\"wp-caption aligncenter\"><img decoding=\"async\" loading=\"lazy\" src=\"https:\/\/web.palmaactiva.com\/wp-content\/uploads\/2016\/11\/A4-Fes-Nadal.jpg\" alt=\"Campa\u00f1a de Navidad en el peque\u00f1o comercio: &quot;Fes Nadal al Petit Comer\u00e7&quot;\" width=\"2480\" height=\"3508\" class=\"size-full wp-image-1294\" \/><figcaption id=\"caption-attachment-1294\" class=\"wp-caption-text\">Campa\u00f1a de Navidad en el peque\u00f1o comercio: \u00abFes Nadal al Petit Comer\u00e7\u00bb<\/figcaption><\/figure>","protected":false},"excerpt":{"rendered":"","protected":false},"author":1,"featured_media":0,"parent":49,"menu_order":0,"comment_status":"closed","ping_status":"closed","template":"","meta":{"footnotes":""},"_links":{"self":[{"href":"https:\/\/web.palmaactiva.com\/es\/wp-json\/wp\/v2\/pages\/1293"}],"collection":[{"href":"https:\/\/web.palmaactiva.com\/es\/wp-json\/wp\/v2\/pages"}],"about":[{"href":"https:\/\/web.palmaactiva.com\/es\/wp-json\/wp\/v2\/types\/page"}],"author":[{"embeddable":true,"href":"https:\/\/web.palmaactiva.com\/es\/wp-json\/wp\/v2\/users\/1"}],"replies":[{"embeddable":true,"href":"https:\/\/web.palmaactiva.com\/es\/wp-json\/wp\/v2\/comments?post=1293"}],"version-history":[{"count":3,"href":"https:\/\/web.palmaactiva.com\/es\/wp-json\/wp\/v2\/pages\/1293\/revisions"}],"predecessor-version":[{"id":54273,"href":"https:\/\/web.palmaactiva.com\/es\/wp-json\/wp\/v2\/pages\/1293\/revisions\/54273"}],"up":[{"embeddable":true,"href":"https:\/\/web.palmaactiva.com\/es\/wp-json\/wp\/v2\/pages\/49"}],"wp:attachment":[{"href":"https:\/\/web.palmaactiva.com\/es\/wp-json\/wp\/v2\/media?parent=1293"}],"curies":[{"name":"wp","href":"https:\/\/api.w.org\/{rel}","templated":true}]}}