{"id":12159,"date":"2018-08-29T11:51:29","date_gmt":"2018-08-29T11:51:29","guid":{"rendered":"http:\/\/web.palmaactiva.com\/?page_id=12159"},"modified":"2023-05-04T13:11:09","modified_gmt":"2023-05-04T11:11:09","slug":"condicions-dus","status":"publish","type":"page","link":"https:\/\/web.palmaactiva.com\/es\/condicions-dus\/","title":{"rendered":"Condiciones de uso"},"content":{"rendered":"Este aviso legal regula el uso de sus servicios y del sitio web de PalmaActiva. En el sitio web se accede mediante la direcci\u00f3n https:\/\/web.palmaactiva.com\/, propiedad de PALMAACTIVA- Agencia de Desarrollo Local del Ayuntamiento de Palma, situada en c. del Socorro, 22 07002 Palma y CIF n\u00fam. P5790005B, as\u00ed como todos los servicios y programas anunciados en el mismo- menos que expresamente se haga constar en otro sentido.<\/p>\n<p>A los servicios de PalmaActiva se acceden &#8211; y se regulan- conforme a lo previsto en las respectivas bases o condiciones de uso o acceso, que se pueden encontrar publicadas en la misma web de PalmaActiva, en el bolet\u00edn oficial de la comunidad aut\u00f3noma o estar a disposici\u00f3n del usuario al propio servicio finalista de PalmaActiva ya las que nos remitimos para m\u00e1s informaci\u00f3n. La publicaci\u00f3n que se hace en la web de los mismos tiene \u00fanicamente una finalidad divulgativa y de comunicaci\u00f3n.<\/p>\n<p>La navegaci\u00f3n por el sitio web o su utilizaci\u00f3n en cualquier forma atribuye la condici\u00f3n de usuario y conlleva la aceptaci\u00f3n plena y sin reservas del presente aviso legal.<\/p>\n<p>PalmaActiva a trav\u00e9s de su sitio web, facilita a los usuarios determinados contenidos de PalmaActiva y de terceros proveedores de servicios y contenidos. El usuario acepta voluntariamente &#8211; con su navegaci\u00f3n- el uso de estos tiene lugar, bajo su \u00fanica y exclusiva responsabilidad.<\/p>\n<p>PalmaActiva se reserva el derecho a modificar unilateralmente, en cualquier momento y sin previo aviso, las bases, condiciones de uso o acceso de sus servicios, as\u00ed como la presentaci\u00f3n, configuraci\u00f3n o contenido de su sitio web y del presente aviso legal. Estas modificaciones se considerar\u00e1n v\u00e1lidamente notificadas desde su correspondiente publicaci\u00f3n.<\/p>\n<h3><span style=\"color: #e03e52;\">Condiciones de uso de la web, obligaciones del usuario<\/span><\/h3>\n<p>Los que utilizan el sitio web se obligan a usar los contenidos de forma diligente, correcta, l\u00edcita y de conformidad con la Ley, a las bases o condiciones de uso y al presente aviso legal. En particular, se comprometen a no utilizar los contenidos y c\u00f3digos fuente con una finalidad contraria a la Ley, moral o de orden p\u00fablico; a no transformar y no modificar ning\u00fan tipo de contenido del sitio web, a menos que cuente con autorizaci\u00f3n expresa de PalmaActiva o con autorizaci\u00f3n expresa, en su caso, del leg\u00edtimo titular de los derechos sobre los contenidos antes mencionados.<\/p>\n<p>Igualmente, asumir\u00e1n las responsabilidades que les correspondan por las conductas o actividades que, de cualquier forma, puedan resultar il\u00edcitas o lesivas para los derechos de terceros o que puedan perjudicar, impedir o limitar la utilizaci\u00f3n de este sitio web a otros usuarios.<\/p>\n<p>Los usuarios responder\u00e1n de los da\u00f1os y perjuicios de cualquier clase que PalmaActiva pueda sufrir, directa o indirectamente, como consecuencia del incumplimiento de la normativa vigente o de cualquiera de las obligaciones derivadas del uso de este sitio web.<\/p>\n<h3><span style=\"color: #e03e52;\">Uso de la cuenta personal de PalmaActiva; usuario y contrase\u00f1a<\/span><\/h3>\n<p>Para acceder a los servicios de Inscripci\u00f3n y actualizaci\u00f3n de datos de la agencia de Colocaci\u00f3n, PalmaActiva pone a su disposici\u00f3n un c\u00f3digo de usuario personal e intransferible. El c\u00f3digo est\u00e1 conformado por un nombre de usuario y un \u00abpassword\u00bb o contrase\u00f1a. El usuario con su uso se compromete al cumplimiento de las siguientes condiciones:<\/p>\n<p>El nombre de usuario y pasword son elementos identificadores que habilitan al usuario para acceder \u00fanicamente al servicio \u00abAgencia de colocaci\u00f3n 040000001\u00bb ubicado en el portal web www.palmaactiva.com, no habilitan para acceder a otros servicios de PalmaActiva.<\/p>\n<p>El nombre de usuario y pasword tienen car\u00e1cter personal e intransferible, identifican al usuario. PalmaActiva no realizar\u00e1 ninguna comprobaci\u00f3n cuando se acceda a los mismos por el procedimiento y v\u00eda establecidas, siendo responsabilidad del usuario que no se realice mal uso o uso incorrectos por terceras personas.<\/p>\n<p>Con el alta PalmaActiva suministra un pasword, o contrase\u00f1a de usuario \u00fanico y gen\u00e9rico. Se recomienda al usuario que modifique, a trav\u00e9s del sistema que contiene el portal web de Palma Activa, al objeto de crear un password \u00fanico y propio.<\/p>\n<p>El usuario se hace responsable y es de su responsabilidad la confidencialidad y secreto del pasword para protegerla de posibles usos no autorizados por terceros.<\/p>\n<p>Si PalmaActiva detecta cualquier mal uso, uso incorrecto o inapropiado por parte de un usuario que pueda hacer dudar sobre su verdadera identidad, bloquear\u00e1 su uso hasta que compruebe la verdadera identidad del usuario, por si se ha utilizado irregularmente el pasword por tercero no autorizado.<\/p>\n<p>Si PalmaActiva detecta cualquier mal uso, uso incorrecto o inapropiado por parte de un usuario del c\u00f3digo entregado, lo suspender\u00e1 temporal o definitivamente no pudiendo emplear el usuario el servicio web de la agencia de colocaci\u00f3n en la forma que se acuerde.<\/p>\n<h3><span style=\"color: #e03e52;\">Propiedad Industrial e Intelectual<\/span><\/h3>\n<p>El contenido de la p\u00e1gina web, textos, fotograf\u00edas, dise\u00f1os, logotipos, im\u00e1genes, sonidos, v\u00eddeos, animaciones, grabaciones, programas de ordenador, c\u00f3digos fuente, dise\u00f1o y estructura de navegaci\u00f3n y, en general, cualquier creaci\u00f3n intelectual existente en este sitio, son propiedad del PalmaActiva. menos en aquellos casos en que se indique expresamente lo contrario,<\/p>\n<p>Todo este material est\u00e1 protegido por la legislaci\u00f3n de la propiedad intelectual y su uso indebido puede ser objeto de sanciones, incluso penales.<\/p>\n<p>El usuario queda expresamente autorizada a visualizar, imprimir, copiar o almacenar, en su disco duro o en otro soporte f\u00edsico, cualquier contenido, siempre que ello se efect\u00fae para fines personales y privados del usuario, sin modificar, alterar o descompilar dichos contenidos. El usuario no est\u00e1 autorizada para su descarga y distribuci\u00f3n masiva, modificaci\u00f3n y comunicaci\u00f3n p\u00fablica en inter\u00e9s propio, menos autorizaci\u00f3n expresa de PalmaActiva.<\/p>\n<p>En todo caso se deben mantener intactas las advertencias a los derechos de autor y de propiedad industrial.<\/p>\n<p>La consulta o descarga de contenidos de la p\u00e1gina o de cualquier software no implicar\u00e1 la cesi\u00f3n de ning\u00fan derecho de propiedad intelectual industrial sobre los mismos.<\/p>\n<p>Toda la informaci\u00f3n, logotipos, dise\u00f1os, marcas y enlaces de otras entidades p\u00fablicas y de terceros privados pertenecen exclusivamente a sus propietarios, y est\u00e1n protegidos por las normativas nacionales e internacionales de propiedad intelectual que sean aplicables.<\/p>\n<h3><span style=\"color: #e03e52;\">Enlaces<\/span><\/h3>\n<p>La funci\u00f3n de los enlaces que aparecen en este sitio web es conducir a los usuarios a p\u00e1ginas web de terceros ajenos a PalmaActiva, por contenidos y servicios que se han considerado de inter\u00e9s<\/p>\n<p>PalmaActiva no se hace responsable de los contenidos a los que se acceda en virtud de los mencionados enlaces, ni de las modificaciones que se lleven a cabo en los mismos, ni del uso que se haga. Tampoco se hace responsable de su disponibilidad t\u00e9cnica ni garantiza la ausencia de virus u otros elementos que puedan producir alteraciones en el sistema inform\u00e1tico (hardware y software), en los documentos o los ficheros del usuario, y se desentiende de cualquier responsabilidad los da\u00f1os de cualquier clase causados \u200b\u200bal usuario por este motivo.<\/p>\n<p>PalmaActiva se compromete a hacer lo posible para evitar la existencia en su sitio web de enlaces a sitios de contenido ilegal, que promuevan actividades il\u00edcitas, racistas o xen\u00f3fobas o que, en general, atenten contra los principios de libertad y de dignidad humana y los Derechos Humanos.<\/p>\n<p>Si alg\u00fan usuario considera que alg\u00fan contenido, imagen, enlace, etc, menoscaba en cualquier forma sus derechos o si le supone el m\u00e1s m\u00ednimo perjuicio, tan s\u00f3lo tiene que comunicarlo enviando un mensaje electr\u00f3nico a info@palmaactiva.es. Esta direcci\u00f3n electr\u00f3nica esta protegida contra spam bots.<\/p>\n<h3><span style=\"color: #e03e52;\">Cookies<\/span><\/h3>\n<p>Este sitio web puede utilizar cookies. Las cookies son peque\u00f1os archivos de informaciones que se generan a trav\u00e9s de las instrucciones que los servidores web env\u00edan a los programas navegadores, y que se guardan en un directorio espec\u00edfico del ordenador del usuario.<br \/>\nSu utilizaci\u00f3n se har\u00e1 con el fin de personalizar sus p\u00e1ginas en el sitio web y nunca para almacenar datos de car\u00e1cter personal. Puede configurar el navegador para que las rechace o le notifique cuando un sitio web intenta ponerle una cookie en el software de su navegador. Si rechaza las cookies, esto puede afectar la capacidad para utilizar las b\u00fasquedas de nuestro sitio web.<\/p>\n<p>Cuando usted se conecta con PalmaActiva le saldr\u00e1 un mensaje de aceptaci\u00f3n o denegaci\u00f3n de aceptaci\u00f3n de las galletas, Si usted no las rechaza y contin\u00faa navegando, asume el uso de las mismas<\/p>\n<p>La restricci\u00f3n, bloqueo y borrado de cookies es diferente para cada tipo de navegador. Puede obtener informaci\u00f3n de c\u00f3mo hacerlo en las correspondientes webs oficiales de sus navegadores.<\/p>\n<h3><span style=\"color: #e03e52;\">Exenci\u00f3n de responsabilidad<\/span><\/h3>\n<p>PalmaActiva ofrece a los usuarios del sitio web la informaci\u00f3n propia contrastada, \u00fatil y actualizada, si bien la publicaci\u00f3n web no garantiza su car\u00e1cter de completo, exacto y actualizado, que debe ser obtenido directamente del concreto servicio o \u00c1rea de PalmaActiva que lo gestiona, por lo que PalmaActiva elude expresamente cualquier tipo de responsabilidad por los posibles inconvenientes, da\u00f1os o perjuicios que sus usuarios pudieran sufrir por la utilizaci\u00f3n exclusiva de datos e informaciones publicadas en la web<\/p>\n<p>Los usuarios deben ser conscientes de que, en todo caso, la utilizaci\u00f3n de los contenidos web y servicios se hace por su solicitud bajo su responsabilidad.<\/p>\n<p>Las conexiones y enlaces a otras p\u00e1ginas web ajenas a PalmaActiva tienen como finalidad aportar mayor informaci\u00f3n a los usuarios. En cualquier caso PalmaActiva no es responsable ni del correcto funcionamiento de enlace de la ni del contenido de las p\u00e1ginas externas enlazadas.<\/p>\n<h3><span style=\"color: #e03e52;\">Modificaci\u00f3n de contenidos<\/span><\/h3>\n<p>PalmaActiva se reserva el derecho a modificar, eliminar o suspender sus servicios y \/ o contenidos web, en conjunto o en parte, en cualquier momento, y sin necesidad de previo aviso a sus usuarios, menos aquellos que tengan expediente abierto y se les est\u00e9 prestando un servicio, que se acordar\u00e1 la continuidad con el mismo en la forma en que se establezca.<\/p>\n<h3><span style=\"color: #e03e52;\">Ley y jurisdicci\u00f3n aplicable<\/span><\/h3>\n<p>El presente aviso legal se regir\u00e1 e interpretar\u00e1 de acuerdo con la normativa vigente espa\u00f1ola.<br \/>\nCualquier controversia en relaci\u00f3n con este sitio web o con respecto a cualquier materia del presente Aviso Legal se sustanciar\u00e1 ante los juzgados y tribunales de las Islas Baleares, con expresa renuncia a cualquier otro fuero.<br \/>","protected":false},"excerpt":{"rendered":"<p>Este aviso legal regula el uso de sus servicios y del sitio web de PalmaActiva. En el sitio web se accede mediante la direcci\u00f3n https:\/\/web.palmaactiva.com\/, propiedad de PALMAACTIVA- Agencia de Desarrollo Local del Ayuntamiento de Palma, situada en c. del Socorro, 22 07002 Palma y CIF n\u00fam. P5790005B, as\u00ed como todos los servicios y programas [&hellip;]<\/p>\n","protected":false},"author":1,"featured_media":0,"parent":0,"menu_order":0,"comment_status":"closed","ping_status":"closed","template":"","meta":{"footnotes":""},"_links":{"self":[{"href":"https:\/\/web.palmaactiva.com\/es\/wp-json\/wp\/v2\/pages\/12159"}],"collection":[{"href":"https:\/\/web.palmaactiva.com\/es\/wp-json\/wp\/v2\/pages"}],"about":[{"href":"https:\/\/web.palmaactiva.com\/es\/wp-json\/wp\/v2\/types\/page"}],"author":[{"embeddable":true,"href":"https:\/\/web.palmaactiva.com\/es\/wp-json\/wp\/v2\/users\/1"}],"replies":[{"embeddable":true,"href":"https:\/\/web.palmaactiva.com\/es\/wp-json\/wp\/v2\/comments?post=12159"}],"version-history":[{"count":7,"href":"https:\/\/web.palmaactiva.com\/es\/wp-json\/wp\/v2\/pages\/12159\/revisions"}],"predecessor-version":[{"id":48450,"href":"https:\/\/web.palmaactiva.com\/es\/wp-json\/wp\/v2\/pages\/12159\/revisions\/48450"}],"wp:attachment":[{"href":"https:\/\/web.palmaactiva.com\/es\/wp-json\/wp\/v2\/media?parent=12159"}],"curies":[{"name":"wp","href":"https:\/\/api.w.org\/{rel}","templated":true}]}}