{"id":1179,"date":"2016-11-11T07:47:18","date_gmt":"2016-11-11T07:47:18","guid":{"rendered":"http:\/\/web.palmaactiva.com\/?page_id=1179"},"modified":"2016-11-15T10:57:02","modified_gmt":"2016-11-15T10:57:02","slug":"conferencia-el-coche-en-europa-electrico-y-compartido","status":"publish","type":"page","link":"https:\/\/web.palmaactiva.com\/es\/empresa\/conferencias-palmaactiva\/conferencia-el-coche-en-europa-electrico-y-compartido\/","title":{"rendered":"Conferencia &#8211; El coche en Europa: el\u00e9ctrico y compartido"},"content":{"rendered":"<div class=\"su-row\"><div class=\"su-column su-column-size-1-2\"><div class=\"su-column-inner su-u-clearfix su-u-trim\">\n<figure id=\"attachment_1190\" aria-describedby=\"caption-attachment-1190\" style=\"width: 1200px\" class=\"wp-caption aligncenter\"><img decoding=\"async\" loading=\"lazy\" class=\"size-full wp-image-1190\" src=\"https:\/\/web.palmaactiva.com\/wp-content\/uploads\/2016\/11\/banner_web.png\" alt=\"&#091;:es&#093;Conferencia \u2013 El coche en Europa: el\u00e9ctrico y compartido&#091;:ca&#093;Confer\u00e8ncia - El cotxe a Europa: el\u00e8ctric i compartit&#091;:&#093;\" width=\"1200\" height=\"430\" \/><figcaption id=\"caption-attachment-1190\" class=\"wp-caption-text\">Conferencia \u2013 El coche en Europa: el\u00e9ctrico y compartido<\/figcaption><\/figure><\/div><\/div><div class=\"su-column su-column-size-1-2\"><div class=\"su-column-inner su-u-clearfix su-u-trim\">\n<h4>El viernes 25 de noviembre a las 10h (9.30h acreditaciones) en la sede central de PalmaActiva, tendr\u00e1 lugar la Conferencia con Peter, Verena, Christian y Alex sobre movilidad el\u00e9ctrica y compartida en Europa.<\/h4>\n<div class=\"su-accordion su-u-trim\"><div class=\"su-spoiler su-spoiler-style-default su-spoiler-icon-plus su-spoiler-closed\" data-scroll-offset=\"0\" data-anchor-in-url=\"no\"><div class=\"su-spoiler-title\" tabindex=\"0\" role=\"button\"><span class=\"su-spoiler-icon\"><\/span>\u00bb[:es<\/div><div class=\"su-spoiler-content su-u-clearfix su-u-trim\">Inscr\u00edbete para asisitir (via Reunalia.es)\u00bb style=\u00bbfancy\u00bb]<iframe loading=\"lazy\" src=\"http:\/\/www.reunalia.com\/v03\/inscripciones\/inscripcion_paso1.aspx?Evento=A2A22B58DEF40BA7&amp;if=1\" width=\"100%\" height=\"800\" frameborder=\"no\"><\/iframe><\/div><\/div><\/div><\/div><\/div><\/div>\n\n<h4>Participan:<\/h4>\n<p><strong>Peter (Pere) Haudenschild-Durst<\/strong> es profesor de Econom\u00eda y Administraci\u00f3n de Empresas, asesor aut\u00f3nomo de Empresas y miembro del parlamento de la Ciudad de Brugg en <strong>Suiza<\/strong>. Es adem\u00e1s delegado representante para la asamblea anual de <strong><a href=\"https:\/\/www.mobility.ch\/en\/private-customers\/\">Mobility car sharing<\/a><\/strong>, la mayor cooperativa de coche compartido de Europa que cuenta con una flota de 2.900 veh\u00edculos en m\u00e1s de 500 ciudades en Suiza, y con m\u00e1s de 128.300 clientes. La compa\u00f1\u00eda emplea a 190 empleados y gener\u00f3 en 2015 una facturaci\u00f3n de 74,1 millones de francos suizos.<\/p>\n<p><strong>Verena Steidl<\/strong> es licenciada por la Universidad de Viena y miembro de la cooperativa <strong><a href=\"http:\/\/www.carusocarsharing.com\/\">CARUSO CarSharing<\/a><\/strong> en Vorarlberg, primera regi\u00f3n de <strong>Austria<\/strong> a desarrollar a partir de 2009 un modelo de e-movilidad basado en el coche compartido y fundamentalmente el\u00e9ctrico. Despu\u00e9s de los primeros tres a\u00f1os, ya hab\u00edan colocado 357 veh\u00edculos el\u00e9ctricos en las calles, que fueron conducidos aproximadamente 2,5 millones de kil\u00f3metros. El \u00e9xito del modelo ha provocado que muchas empresas y municipios muestren inter\u00e9s en estas estrategias de coche el\u00e9ctrico compartido y actualmente hay m\u00e1s de 100 grupos locales implicados en el proyecto.<\/p>\n<p><strong>Christian Rohmann<\/strong> es licenciado por la Universidad de Roskilde, y responsable de marketing y desarrollo empresarial de <a href=\"https:\/\/letsgo.dk\/en\/\"><strong>LetsGo<\/strong><\/a>, el operador de coches compartido m\u00e1s grande de <strong>Dinamarca<\/strong>. Tiene 185 coches, 15% de ellos el\u00e9ctricos, y m\u00e1s de 3.000 socios privados y empresas. LetsGo inici\u00f3 su actividad en el a\u00f1o 2007 y es una empresa social. Como fundaci\u00f3n tiene el objetivo de reinvertir todo el super\u00e1vit en desarrollar y acelerar el carsharing dentro Dinamarca.<br \/>\nChristian Rohmann ha trabajado en el desarrollo de los veh\u00edculos el\u00e9ctricos en los \u00faltimos tres a\u00f1os.<\/p>\n<p><strong>Alex Duran<\/strong>, es economista y fundador de <a href=\"http:\/\/www.ecotxe.coop\/\"><strong>Ecotxe Som Moviment<\/strong><\/a>, la primera cooperativa de coches el\u00e9ctricos compartidos de <strong>Mallorca<\/strong>, que permite acceder a un veh\u00edculo pero sin tener que ser propietario, s\u00f3lo pagando por su uso, y que se pueda hacer de forma ambientalmente sostenible. El proyecto Ecotxe obtuvo el primer premio Ethicum 2,014 de proyectos \u00e9ticamente responsables y de innovaci\u00f3n social en la categor\u00eda de emprendimiento. Los premios Ethicum son una iniciativa del Eticentre, el Rotary Club y del Departamento de Empresa de la UIB.<\/p>\n<h4>Twitter: #PAmobility<\/h4>\n<h5>DESARROLLO:<\/h5>\n<p>09:30 &#8211; 10: 00h Acreditaciones y caf\u00e9 comercio justo de bienvenida (networking entre los asistentes)<br \/>\n10:00 &#8211; 11: 30h \u00abConferencia con movilidad el\u00e9ctrica compartida\u00bb<br \/>\n11:30 &#8211; 12.00h Turno abierto de preguntas<br \/>\n\n<div class=\"su-accordion su-u-trim\"><div class=\"su-spoiler su-spoiler-style-default su-spoiler-icon-plus su-spoiler-closed\" data-scroll-offset=\"0\" data-anchor-in-url=\"no\"><div class=\"su-spoiler-title\" tabindex=\"0\" role=\"button\"><span class=\"su-spoiler-icon\"><\/span>\u00bb[:es<\/div><div class=\"su-spoiler-content su-u-clearfix su-u-trim\">Inscr\u00edbete para asisitir (via Reunalia.es)\u00bb style=\u00bbfancy\u00bb]<iframe loading=\"lazy\" src=\"http:\/\/www.reunalia.com\/v03\/inscripciones\/inscripcion_paso1.aspx?Evento=A2A22B58DEF40BA7&amp;if=1\" width=\"100%\" height=\"800\" frameborder=\"no\"><\/iframe><\/div><\/div><\/div>","protected":false},"excerpt":{"rendered":"<p>Participan: Peter (Pere) Haudenschild-Durst es profesor de Econom\u00eda y Administraci\u00f3n de Empresas, asesor aut\u00f3nomo de Empresas y miembro del parlamento de la Ciudad de Brugg en Suiza. Es adem\u00e1s delegado representante para la asamblea anual de Mobility car sharing, la mayor cooperativa de coche compartido de Europa que cuenta con una flota de 2.900 veh\u00edculos [&hellip;]<\/p>\n","protected":false},"author":1,"featured_media":0,"parent":715,"menu_order":0,"comment_status":"closed","ping_status":"closed","template":"","meta":{"footnotes":""},"_links":{"self":[{"href":"https:\/\/web.palmaactiva.com\/es\/wp-json\/wp\/v2\/pages\/1179"}],"collection":[{"href":"https:\/\/web.palmaactiva.com\/es\/wp-json\/wp\/v2\/pages"}],"about":[{"href":"https:\/\/web.palmaactiva.com\/es\/wp-json\/wp\/v2\/types\/page"}],"author":[{"embeddable":true,"href":"https:\/\/web.palmaactiva.com\/es\/wp-json\/wp\/v2\/users\/1"}],"replies":[{"embeddable":true,"href":"https:\/\/web.palmaactiva.com\/es\/wp-json\/wp\/v2\/comments?post=1179"}],"version-history":[{"count":5,"href":"https:\/\/web.palmaactiva.com\/es\/wp-json\/wp\/v2\/pages\/1179\/revisions"}],"predecessor-version":[{"id":1218,"href":"https:\/\/web.palmaactiva.com\/es\/wp-json\/wp\/v2\/pages\/1179\/revisions\/1218"}],"up":[{"embeddable":true,"href":"https:\/\/web.palmaactiva.com\/es\/wp-json\/wp\/v2\/pages\/715"}],"wp:attachment":[{"href":"https:\/\/web.palmaactiva.com\/es\/wp-json\/wp\/v2\/media?parent=1179"}],"curies":[{"name":"wp","href":"https:\/\/api.w.org\/{rel}","templated":true}]}}