{"id":110,"date":"2016-05-20T10:17:50","date_gmt":"2016-05-20T10:17:50","guid":{"rendered":"http:\/\/web.palmaactiva.com\/?page_id=110"},"modified":"2026-04-14T07:50:14","modified_gmt":"2026-04-14T05:50:14","slug":"agencia-de-colocacion","status":"publish","type":"page","link":"https:\/\/web.palmaactiva.com\/es\/empleo\/agencia-de-colocacion\/","title":{"rendered":"Agencia de colocaci\u00f3n"},"content":{"rendered":"<div class=\"su-row\">\n<div class=\"su-column su-column-size-1-2\"><div class=\"su-column-inner su-u-clearfix su-u-trim\">\n<div class=\"su-youtube su-u-responsive-media-yes\"><iframe width=\"640\" height=\"360\" src=\"https:\/\/www.youtube.com\/embed\/zxGZxS9ECgA?autohide=2&amp;autoplay=0&amp;mute=0&amp;controls=1&amp;fs=1&amp;loop=0&amp;modestbranding=0&amp;rel=0&amp;showinfo=0&amp;theme=light&amp;wmode=&amp;playsinline=0\" frameborder=\"0\" allowfullscreen allow=\"autoplay; encrypted-media; picture-in-picture\" title=\"\"><\/iframe><\/div>\n<\/div><\/div>\n<div class=\"su-column su-column-size-1-2\"><div class=\"su-column-inner su-u-clearfix su-u-trim\">\n<b>PalmaActiva<\/b> tiene reconocida su funci\u00f3n como Agencia de Colocaci\u00f3n n\u00fam. 0400000001.\n<div class=\"dt-service-more\" style=\"text-align: center; margin-bottom: 5px; margin-top: 5px;\"><a style=\"display: inline-flex; align-items: center; justify-content: center; padding: 10px 30px; border-radius: 2px; text-transform: uppercase; text-decoration: none; max-width: 100%; box-sizing: border-box; line-height: 0; white-space: normal;\" href=\"https:\/\/web.palmaactiva.com\/mi-cuenta\/\" target=\"_blank\" rel=\"noopener\"><br \/>\n<i class=\"fa fa-sign-in\" style=\"margin-right: 5px;\"><\/i><br \/>\n<span style=\"display: inline-block; line-height: 1.5;\">\u00bfQuieres inscribirte o actualizar tus datos?<\/span><br \/>\n<\/a><\/div>\n<\/div><\/div>\n<\/div>\n<strong>Para darte de alta o actualizar tus datos puedes utilizar:<\/strong><\/p>\n<p>&#8211; Usuario y contrase\u00f1a que te facilitamos en la sede de PalmaActiva, c\/ Socors, 22. Tambi\u00e9n lo puedes crear a trav\u00e9s del sistema Cl@ve.<br \/>\n&#8211; Tarjeta Ciudadana<\/p>\n<p>Si necesitas ayuda o tienes dudas para rellenar tus datos, puedes acudir a nuestras oficinas sin cita o pidiendo cita previa en el siguiente enlace: <strong><a href=\"https:\/\/web.palmaactiva.com\/es\/cita-previa-de-palmaactiva\/\" target=\"_blank\" rel=\"noopener\">CITA PR\u00c8VIA<\/a><\/strong>\n<div class=\"su-row\">\n<div class=\"su-column su-column-size-1-2\"><div class=\"su-column-inner su-u-clearfix su-u-trim\">\n<div class=\"dt-service-more\" style=\"text-align: center; margin-bottom: 5px; margin-top: 5px;\"><a style=\"display: inline-flex; align-items: center; justify-content: center; padding: 10px 30px; border-radius: 2px; text-transform: uppercase; text-decoration: none; max-width: 100%; box-sizing: border-box; line-height: 0; white-space: normal;\" href=\"https:\/\/bvf.palma.cat\/bvffront\/login\" target=\"_blank\" rel=\"noopener\"><br \/>\n<i class=\"fa fa-user\" style=\"margin-right: 5px;\"><\/i><br \/>\n<span style=\"display: inline-flex; line-height: 1.5;\">Acceder a la Agencia de Colocaci\u00f3n<\/span><br \/>\n<\/a><\/div>\n<\/div><\/div>\n<div class=\"su-column su-column-size-1-2\"><div class=\"su-column-inner su-u-clearfix su-u-trim\">\n<div class=\"dt-service-more\" style=\"text-align: center; margin-bottom: 5px; margin-top: 5px;\"><a style=\"display: inline-flex; align-items: center; justify-content: center; padding: 10px 30px; border-radius: 2px; text-transform: uppercase; text-decoration: none; max-width: 100%; box-sizing: border-box; line-height: 0; white-space: normal;\" href=\"https:\/\/web.palmaactiva.com\/normes_funcionament_agencia_demandants\/\" target=\"_blank\" rel=\"noopener\"><br \/>\n<i class=\"fa fa-th-list\" style=\"margin-right: 5px;\"><\/i><br \/>\n<span style=\"display: inline-block; line-height: 1.5;\">Normas de funcionamiento<\/span><br \/>\n<\/a><\/div>\n<\/div><\/div>\n<\/div>\n<p>&nbsp;<\/p>\n<h3>Casos de \u00e9xito<\/h3>\n<div class=\"su-row\">\n<div class=\"su-column su-column-size-1-2\"><div class=\"su-column-inner su-u-clearfix su-u-trim\">\n<div class=\"su-youtube su-u-responsive-media-yes\"><iframe width=\"640\" height=\"360\" src=\"https:\/\/www.youtube.com\/embed\/2p3dhTNdaDE?autohide=2&amp;autoplay=0&amp;mute=0&amp;controls=1&amp;fs=1&amp;loop=0&amp;modestbranding=0&amp;rel=0&amp;showinfo=0&amp;theme=light&amp;wmode=&amp;playsinline=0\" frameborder=\"0\" allowfullscreen allow=\"autoplay; encrypted-media; picture-in-picture\" title=\"\"><\/iframe><\/div>\n<\/div><\/div>\n<div class=\"su-column su-column-size-1-2\"><div class=\"su-column-inner su-u-clearfix su-u-trim\">\n<div class=\"su-youtube su-u-responsive-media-yes\"><iframe width=\"640\" height=\"360\" src=\"https:\/\/www.youtube.com\/embed\/s25GXHgPK4w?autohide=2&amp;autoplay=0&amp;mute=0&amp;controls=1&amp;fs=1&amp;loop=0&amp;modestbranding=0&amp;rel=0&amp;showinfo=0&amp;theme=light&amp;wmode=&amp;playsinline=0\" frameborder=\"0\" allowfullscreen allow=\"autoplay; encrypted-media; picture-in-picture\" title=\"\"><\/iframe><\/div>\n<\/div><\/div>\n<\/div>","protected":false},"excerpt":{"rendered":"<p>Para darte de alta o actualizar tus datos puedes utilizar: &#8211; Usuario y contrase\u00f1a que te facilitamos en la sede de PalmaActiva, c\/ Socors, 22. Tambi\u00e9n lo puedes crear a trav\u00e9s del sistema Cl@ve. &#8211; Tarjeta Ciudadana Si necesitas ayuda o tienes dudas para rellenar tus datos, puedes acudir a nuestras oficinas sin cita o [&hellip;]<\/p>\n","protected":false},"author":1,"featured_media":0,"parent":31,"menu_order":0,"comment_status":"closed","ping_status":"closed","template":"","meta":{"footnotes":""},"_links":{"self":[{"href":"https:\/\/web.palmaactiva.com\/es\/wp-json\/wp\/v2\/pages\/110"}],"collection":[{"href":"https:\/\/web.palmaactiva.com\/es\/wp-json\/wp\/v2\/pages"}],"about":[{"href":"https:\/\/web.palmaactiva.com\/es\/wp-json\/wp\/v2\/types\/page"}],"author":[{"embeddable":true,"href":"https:\/\/web.palmaactiva.com\/es\/wp-json\/wp\/v2\/users\/1"}],"replies":[{"embeddable":true,"href":"https:\/\/web.palmaactiva.com\/es\/wp-json\/wp\/v2\/comments?post=110"}],"version-history":[{"count":27,"href":"https:\/\/web.palmaactiva.com\/es\/wp-json\/wp\/v2\/pages\/110\/revisions"}],"predecessor-version":[{"id":55214,"href":"https:\/\/web.palmaactiva.com\/es\/wp-json\/wp\/v2\/pages\/110\/revisions\/55214"}],"up":[{"embeddable":true,"href":"https:\/\/web.palmaactiva.com\/es\/wp-json\/wp\/v2\/pages\/31"}],"wp:attachment":[{"href":"https:\/\/web.palmaactiva.com\/es\/wp-json\/wp\/v2\/media?parent=110"}],"curies":[{"name":"wp","href":"https:\/\/api.w.org\/{rel}","templated":true}]}}