{"id":7018,"date":"2017-09-18T10:26:12","date_gmt":"2017-09-18T10:26:12","guid":{"rendered":"http:\/\/web.palmaactiva.com\/centre-empreses\/?page_id=7018"},"modified":"2019-08-01T11:54:26","modified_gmt":"2019-08-01T11:54:26","slug":"solicitud-de-acceso-al-quiosco-de-palmaactiva","status":"publish","type":"page","link":"https:\/\/web.palmaactiva.com\/centre-empreses\/solicitud-de-acceso-al-quiosco-de-palmaactiva\/","title":{"rendered":"Sol\u00b7licitud d&#8217;acc\u00e9s al Quiosc de PalmaActiva"},"content":{"rendered":"<p><span style=\"color: #444444;\"><div class=\"fusion-fullwidth fullwidth-box fusion-builder-row-1 hundred-percent-fullwidth non-hundred-percent-height-scrolling\" style=\"background-color: rgba(255,255,255,0);background-position: center center;background-repeat: no-repeat;padding-top:0px;padding-right:0px;padding-bottom:0px;padding-left:0px;margin-bottom: 0px;margin-top: 0px;border-width: 0px 0px 0px 0px;border-color:#eae9e9;border-style:solid;\" ><div class=\"fusion-builder-row fusion-row\"><div class=\"fusion-layout-column fusion_builder_column fusion-builder-column-0 fusion_builder_column_1_1 1_1 fusion-one-full fusion-column-first fusion-column-last fusion-column-no-min-height\" style=\"margin-top:0px;margin-bottom:0px;\"><div class=\"fusion-column-wrapper fusion-flex-column-wrapper-legacy\" style=\"background-position:left top;background-repeat:no-repeat;-webkit-background-size:cover;-moz-background-size:cover;-o-background-size:cover;background-size:cover;padding: 0px 0px 0px 0px;\"><style type='text\/css'>.reading-box-container-1 .element-bottomshadow:before,.reading-box-container-1 .element-bottomshadow:after{opacity:&#8221;0.1&#8243;;}<\/style><div class=\"fusion-reading-box-container reading-box-container-1\" style=\"margin-top:0px;margin-bottom:84px;\"><div class=\"reading-box\" style=\"background-color:&#8221;&#8221;;border-width:&#8221;1px&#8221;;border-color:&#8221;&#8221;;border-&#8221;top&#8221;-width:3px;border-&#8221;top&#8221;-color:var(--primary_color);border-style:solid;\"><h2>&#8221;[:es<\/h2><div class=\"reading-box-additional fusion-reading-box-additional\">Solicitud de acceso al Quiosco de PalmaActivaSol\u00b7licitud d&#8217;acc\u00e9s al Quiosc de PalmaActiva[]&#8221; description=&#8221;Es tracta d&#8217;una convocat\u00f2ria permanentment oberta, es permet la presentaci\u00f3 de sol\u00b7licituds per part de les persones interessades 365 dies a l&#8217;any, les 24 hores al d\u00eda.Env\u00edanos correctament emplenat el seg\u00fcent formulari i contactarem amb la major brevetat possible.&#8221; animation_type=&#8221;0&#8243; animation_direction=&#8221;down&#8221; animation_speed=&#8221;0.1&#8243;]\n&nbsp;<div class='w3eden'><!-- WPDM Link Template: Default Template -->\n\n<div class=\"link-template-default card mb-2\">\n    <div class=\"card-body\">\n        <div class=\"media\">\n            <div class=\"mr-3 img-48\"><img class=\"wpdm_icon\" alt=\"Icono\" src=\"https:\/\/web.palmaactiva.com\/centre-empreses\/wp-content\/plugins\/download-manager\/assets\/file-type-icons\/pdf.svg\" \/><\/div>\n            <div class=\"media-body\">\n                <h3 class=\"package-title\"><a href='https:\/\/web.palmaactiva.com\/centre-empreses\/download\/solicitud-quiosco-palmaactiva-2\/'>Solicitud Quiosco PalmaActiva<\/a><\/h3>\n                <div class=\"text-muted text-small\"><i class=\"fas fa-copy\"><\/i> 1 archivo(s) <i class=\"fas fa-hdd ml-3\"><\/i> 653.50 KB<\/div>\n            <\/div>\n            <div class=\"ml-3\">\n                <a class='wpdm-download-link download-on-click btn btn-primary ' rel='nofollow' href='#' data-downloadurl=\"https:\/\/web.palmaactiva.com\/centre-empreses\/download\/solicitud-quiosco-palmaactiva-2\/?wpdmdl=6887&refresh=69d130cb505bf1775317195\">Descargar<\/a>\n            <\/div>\n        <\/div>\n    <\/div>\n<\/div>\n\n<\/div>\n<div class='w3eden'><!-- WPDM Link Template: Default Template -->\n\n<div class=\"link-template-default card mb-2\">\n    <div class=\"card-body\">\n        <div class=\"media\">\n            <div class=\"mr-3 img-48\"><img class=\"wpdm_icon\" alt=\"Icono\" src=\"https:\/\/web.palmaactiva.com\/centre-empreses\/wp-content\/plugins\/download-manager\/assets\/file-type-icons\/pdf.svg\" \/><\/div>\n            <div class=\"media-body\">\n                <h3 class=\"package-title\"><a href='https:\/\/web.palmaactiva.com\/centre-empreses\/download\/sol%c2%b7licitud-quiosc-palmaactiva\/'>Sol\u00b7licitud Quiosc PalmaActiva<\/a><\/h3>\n                <div class=\"text-muted text-small\"><i class=\"fas fa-copy\"><\/i> 1 archivo(s) <i class=\"fas fa-hdd ml-3\"><\/i> 684.34 KB<\/div>\n            <\/div>\n            <div class=\"ml-3\">\n                <a class='wpdm-download-link download-on-click btn btn-primary ' rel='nofollow' href='#' data-downloadurl=\"https:\/\/web.palmaactiva.com\/centre-empreses\/download\/sol%c2%b7licitud-quiosc-palmaactiva\/?wpdmdl=6879&refresh=69d130cb552b91775317195\">Descargar<\/a>\n            <\/div>\n        <\/div>\n    <\/div>\n<\/div>\n\n<\/div>\n<\/div><div class=\"fusion-clearfix\"><\/div><\/div><\/div><\/span><div class=\"fusion-clearfix\"><\/div><\/div><\/div><\/div><style type=\"text\/css\">.fusion-fullwidth.fusion-builder-row-1 { overflow:visible; }<\/style><\/div>","protected":false},"excerpt":{"rendered":"","protected":false},"author":1,"featured_media":0,"parent":0,"menu_order":0,"comment_status":"closed","ping_status":"closed","template":"","meta":[],"acf":[],"_links":{"self":[{"href":"https:\/\/web.palmaactiva.com\/centre-empreses\/wp-json\/wp\/v2\/pages\/7018"}],"collection":[{"href":"https:\/\/web.palmaactiva.com\/centre-empreses\/wp-json\/wp\/v2\/pages"}],"about":[{"href":"https:\/\/web.palmaactiva.com\/centre-empreses\/wp-json\/wp\/v2\/types\/page"}],"author":[{"embeddable":true,"href":"https:\/\/web.palmaactiva.com\/centre-empreses\/wp-json\/wp\/v2\/users\/1"}],"replies":[{"embeddable":true,"href":"https:\/\/web.palmaactiva.com\/centre-empreses\/wp-json\/wp\/v2\/comments?post=7018"}],"version-history":[{"count":5,"href":"https:\/\/web.palmaactiva.com\/centre-empreses\/wp-json\/wp\/v2\/pages\/7018\/revisions"}],"predecessor-version":[{"id":20995,"href":"https:\/\/web.palmaactiva.com\/centre-empreses\/wp-json\/wp\/v2\/pages\/7018\/revisions\/20995"}],"wp:attachment":[{"href":"https:\/\/web.palmaactiva.com\/centre-empreses\/wp-json\/wp\/v2\/media?parent=7018"}],"curies":[{"name":"wp","href":"https:\/\/api.w.org\/{rel}","templated":true}]}}