{"id":5543,"date":"2014-12-02T12:57:39","date_gmt":"2014-12-02T12:57:39","guid":{"rendered":"http:\/\/web.palmaactiva.com\/centre-empreses\/?page_id=5543"},"modified":"2024-07-30T11:39:50","modified_gmt":"2024-07-30T11:39:50","slug":"documentacion","status":"publish","type":"page","link":"https:\/\/web.palmaactiva.com\/centre-empreses\/documentacion\/","title":{"rendered":"Documentaci\u00f3"},"content":{"rendered":"Aqu\u00ed trobar\u00e0s tota la documentaci\u00f3 necess\u00e0ria per saber m\u00e9s sobre el Centre d&#8217;Empreses, les seves bases d&#8217;acc\u00e9s i condicions d&#8217;\u00fas i poder realitzar la teva sol\u00b7licitud.\n<div align=\"center\">\n<table>\n<tbody>\n<tr>\n\n<td style=\"text-align: center; padding: 10px;\"><a href=\"https:\/\/drive.google.com\/open?id=0B4oQw0kKkmcXMnpfSW15MWV2QXc&amp;authuser=0\"><img class=\"size-full wp-image-5544 alignnone\" src=\"https:\/\/web.palmaactiva.com\/centre-empreses\/wp-content\/uploads\/2016\/03\/downloads-xl.png\" alt=\"downloads-xl\" width=\"64\" height=\"64\" \/><\/a><\/td>\n<\/tr>\n<tr>\n\n<td style=\"text-align: center; padding: 10px;\">Documentaci\u00f3<\/td>\n<\/tr>\n\n<\/tbody>\n<\/table>\n<\/div>","protected":false},"excerpt":{"rendered":"<p>Aqu\u00ed trobar\u00e0s tota la documentaci\u00f3 necess\u00e0ria per saber m\u00e9s sobre el Centre d&#8217;Empreses, les seves bases d&#8217;acc\u00e9s i condicions d&#8217;\u00fas i poder realitzar la teva sol\u00b7licitud. Documentaci\u00f3<\/p>\n","protected":false},"author":1,"featured_media":0,"parent":0,"menu_order":0,"comment_status":"open","ping_status":"open","template":"","meta":[],"acf":[],"_links":{"self":[{"href":"https:\/\/web.palmaactiva.com\/centre-empreses\/wp-json\/wp\/v2\/pages\/5543"}],"collection":[{"href":"https:\/\/web.palmaactiva.com\/centre-empreses\/wp-json\/wp\/v2\/pages"}],"about":[{"href":"https:\/\/web.palmaactiva.com\/centre-empreses\/wp-json\/wp\/v2\/types\/page"}],"author":[{"embeddable":true,"href":"https:\/\/web.palmaactiva.com\/centre-empreses\/wp-json\/wp\/v2\/users\/1"}],"replies":[{"embeddable":true,"href":"https:\/\/web.palmaactiva.com\/centre-empreses\/wp-json\/wp\/v2\/comments?post=5543"}],"version-history":[{"count":7,"href":"https:\/\/web.palmaactiva.com\/centre-empreses\/wp-json\/wp\/v2\/pages\/5543\/revisions"}],"predecessor-version":[{"id":35384,"href":"https:\/\/web.palmaactiva.com\/centre-empreses\/wp-json\/wp\/v2\/pages\/5543\/revisions\/35384"}],"wp:attachment":[{"href":"https:\/\/web.palmaactiva.com\/centre-empreses\/wp-json\/wp\/v2\/media?parent=5543"}],"curies":[{"name":"wp","href":"https:\/\/api.w.org\/{rel}","templated":true}]}}