{"id":7018,"date":"2017-09-18T10:26:12","date_gmt":"2017-09-18T10:26:12","guid":{"rendered":"http:\/\/web.palmaactiva.com\/centre-empreses\/?page_id=7018"},"modified":"2019-08-01T11:54:26","modified_gmt":"2019-08-01T11:54:26","slug":"solicitud-de-acceso-al-quiosco-de-palmaactiva","status":"publish","type":"page","link":"https:\/\/web.palmaactiva.com\/centre-empreses\/es\/solicitud-de-acceso-al-quiosco-de-palmaactiva\/","title":{"rendered":"Solicitud de acceso al Quiosco de PalmaActiva"},"content":{"rendered":"<p><span style=\"color: #444444;\"><div class=\"fusion-fullwidth fullwidth-box fusion-builder-row-1 hundred-percent-fullwidth non-hundred-percent-height-scrolling\" style=\"background-color: rgba(255,255,255,0);background-position: center center;background-repeat: no-repeat;padding-top:0px;padding-right:0px;padding-bottom:0px;padding-left:0px;margin-bottom: 0px;margin-top: 0px;border-width: 0px 0px 0px 0px;border-color:#eae9e9;border-style:solid;\" ><div class=\"fusion-builder-row fusion-row\"><div class=\"fusion-layout-column fusion_builder_column fusion-builder-column-0 fusion_builder_column_1_1 1_1 fusion-one-full fusion-column-first fusion-column-last fusion-column-no-min-height\" style=\"margin-top:0px;margin-bottom:0px;\"><div class=\"fusion-column-wrapper fusion-flex-column-wrapper-legacy\" style=\"background-position:left top;background-repeat:no-repeat;-webkit-background-size:cover;-moz-background-size:cover;-o-background-size:cover;background-size:cover;padding: 0px 0px 0px 0px;\"><style type='text\/css'>.reading-box-container-1 .element-bottomshadow:before,.reading-box-container-1 .element-bottomshadow:after{opacity:\u00bb0.1&#8243;;}<\/style><div class=\"fusion-reading-box-container reading-box-container-1\" style=\"margin-top:0px;margin-bottom:84px;\"><div class=\"reading-box\" style=\"background-color:\u00bb\u00bb;border-width:\u00bb1px\u00bb;border-color:\u00bb\u00bb;border-\u00bbtop\u00bb-width:3px;border-\u00bbtop\u00bb-color:var(--primary_color);border-style:solid;\"><h2>\u00bb[:es<\/h2><div class=\"reading-box-additional fusion-reading-box-additional\">Solicitud de acceso al Quiosco de PalmaActivaAl tratarse de una convocatoria permanentemente abierta, se permite la presentaci\u00f3n de solicitudes por parte de las personas interesadas 365 d\u00edas al a\u00f1o, las 24 horas al d\u00eda.Env\u00edanos correctamente cumplimentado el siguiente formulario y contactaremos contigo en la mayor brevedad posible.\u00bb animation_type=\u00bb0&#8243; animation_direction=\u00bbdown\u00bb animation_speed=\u00bb0.1&#8243;]\n&nbsp;<div class='w3eden'><!-- WPDM Link Template: Default Template -->\n\n<div class=\"link-template-default card mb-2\">\n    <div class=\"card-body\">\n        <div class=\"media\">\n            <div class=\"mr-3 img-48\"><img class=\"wpdm_icon\" alt=\"Icono\" src=\"https:\/\/web.palmaactiva.com\/centre-empreses\/wp-content\/plugins\/download-manager\/assets\/file-type-icons\/pdf.svg\" \/><\/div>\n            <div class=\"media-body\">\n                <h3 class=\"package-title\"><a href='https:\/\/web.palmaactiva.com\/centre-empreses\/es\/download\/solicitud-quiosco-palmaactiva-2\/'>Solicitud Quiosco PalmaActiva<\/a><\/h3>\n                <div class=\"text-muted text-small\"><i class=\"fas fa-copy\"><\/i> 1 archivo(s) <i class=\"fas fa-hdd ml-3\"><\/i> 653.50 KB<\/div>\n            <\/div>\n            <div class=\"ml-3\">\n                <a class='wpdm-download-link download-on-click btn btn-primary ' rel='nofollow' href='#' data-downloadurl=\"https:\/\/web.palmaactiva.com\/centre-empreses\/es\/download\/solicitud-quiosco-palmaactiva-2\/?wpdmdl=6887&refresh=69d116dd299d51775310557\">Descargar<\/a>\n            <\/div>\n        <\/div>\n    <\/div>\n<\/div>\n\n<\/div>\n<div class='w3eden'><!-- WPDM Link Template: Default Template -->\n\n<div class=\"link-template-default card mb-2\">\n    <div class=\"card-body\">\n        <div class=\"media\">\n            <div class=\"mr-3 img-48\"><img class=\"wpdm_icon\" alt=\"Icono\" src=\"https:\/\/web.palmaactiva.com\/centre-empreses\/wp-content\/plugins\/download-manager\/assets\/file-type-icons\/pdf.svg\" \/><\/div>\n            <div class=\"media-body\">\n                <h3 class=\"package-title\"><a href='https:\/\/web.palmaactiva.com\/centre-empreses\/es\/download\/sol%c2%b7licitud-quiosc-palmaactiva\/'>Sol\u00b7licitud Quiosc PalmaActiva<\/a><\/h3>\n                <div class=\"text-muted text-small\"><i class=\"fas fa-copy\"><\/i> 1 archivo(s) <i class=\"fas fa-hdd ml-3\"><\/i> 684.34 KB<\/div>\n            <\/div>\n            <div class=\"ml-3\">\n                <a class='wpdm-download-link download-on-click btn btn-primary ' rel='nofollow' href='#' data-downloadurl=\"https:\/\/web.palmaactiva.com\/centre-empreses\/es\/download\/sol%c2%b7licitud-quiosc-palmaactiva\/?wpdmdl=6879&refresh=69d116dd2e6af1775310557\">Descargar<\/a>\n            <\/div>\n        <\/div>\n    <\/div>\n<\/div>\n\n<\/div>\n<\/div><div class=\"fusion-clearfix\"><\/div><\/div><\/div><\/span><div class=\"fusion-clearfix\"><\/div><\/div><\/div><\/div><style type=\"text\/css\">.fusion-fullwidth.fusion-builder-row-1 { overflow:visible; }<\/style><\/div>","protected":false},"excerpt":{"rendered":"","protected":false},"author":1,"featured_media":0,"parent":0,"menu_order":0,"comment_status":"closed","ping_status":"closed","template":"","meta":[],"acf":[],"_links":{"self":[{"href":"https:\/\/web.palmaactiva.com\/centre-empreses\/es\/wp-json\/wp\/v2\/pages\/7018"}],"collection":[{"href":"https:\/\/web.palmaactiva.com\/centre-empreses\/es\/wp-json\/wp\/v2\/pages"}],"about":[{"href":"https:\/\/web.palmaactiva.com\/centre-empreses\/es\/wp-json\/wp\/v2\/types\/page"}],"author":[{"embeddable":true,"href":"https:\/\/web.palmaactiva.com\/centre-empreses\/es\/wp-json\/wp\/v2\/users\/1"}],"replies":[{"embeddable":true,"href":"https:\/\/web.palmaactiva.com\/centre-empreses\/es\/wp-json\/wp\/v2\/comments?post=7018"}],"version-history":[{"count":5,"href":"https:\/\/web.palmaactiva.com\/centre-empreses\/es\/wp-json\/wp\/v2\/pages\/7018\/revisions"}],"predecessor-version":[{"id":20995,"href":"https:\/\/web.palmaactiva.com\/centre-empreses\/es\/wp-json\/wp\/v2\/pages\/7018\/revisions\/20995"}],"wp:attachment":[{"href":"https:\/\/web.palmaactiva.com\/centre-empreses\/es\/wp-json\/wp\/v2\/media?parent=7018"}],"curies":[{"name":"wp","href":"https:\/\/api.w.org\/{rel}","templated":true}]}}