{"id":6813,"date":"2017-06-26T10:34:06","date_gmt":"2017-06-26T10:34:06","guid":{"rendered":"http:\/\/web.palmaactiva.com\/centre-empreses\/?page_id=6813"},"modified":"2019-08-01T11:37:21","modified_gmt":"2019-08-01T11:37:21","slug":"mujer-emprendedora-en-el-nuevo-espacio-de-palmaactiva","status":"publish","type":"page","link":"https:\/\/web.palmaactiva.com\/centre-empreses\/es\/mujer-emprendedora-en-el-nuevo-espacio-de-palmaactiva\/","title":{"rendered":"Mujer Emprendedora en el quiosco de PalmaActiva"},"content":{"rendered":"<div class=\"fusion-fullwidth fullwidth-box fusion-builder-row-1 nonhundred-percent-fullwidth non-hundred-percent-height-scrolling\" style=\"background-color: rgba(255,255,255,0);background-position: center center;background-repeat: no-repeat;padding-top:0px;padding-right:0px;padding-bottom:0px;padding-left:0px;margin-bottom: 0px;margin-top: 0px;border-width: 0px 0px 0px 0px;border-color:#eae9e9;border-style:solid;\" ><div class=\"fusion-builder-row fusion-row\"><div class=\"fusion-layout-column fusion_builder_column fusion-builder-column-0 fusion_builder_column_1_1 1_1 fusion-one-full fusion-column-first fusion-column-last\" style=\"margin-top:0px;margin-bottom:0px;\"><div class=\"fusion-column-wrapper fusion-flex-column-wrapper-legacy\" style=\"background-position:left top;background-repeat:no-repeat;-webkit-background-size:cover;-moz-background-size:cover;-o-background-size:cover;background-size:cover;padding: 0px 0px 0px 0px;\"><div class=\"imageframe-align-center\"><span class=\" fusion-imageframe imageframe-none imageframe-1 hover-type-none\"><img width=\"1200\" height=\"879\" title=\"rawpixel-com-256641\" src=\"https:\/\/web.palmaactiva.com\/centre-empreses\/wp-content\/uploads\/2018\/08\/bannerWEBCE1_ES.jpg\" class=\"img-responsive wp-image-6815\"\/><\/span><\/div><div class=\"fusion-text fusion-text-1\"><h3>Dentro de la acci\u00f3n de fomento del emprendimiento en femenino que se lleva a cabo desde PalmaActiva, con el objetivo de hacer visible el desarrollo profesional y personal de las mujeres y promover sus proyectos empresariales, PalmaActiva te ofrece\u00a0una gran variedad de actividades a partir del 1 de septiembre que se realizar\u00e1n GRATUITAMENTE en el QUIOSCO DE LA PL. DEL OLIVAR.<\/h3>\n<h3>En SEPTIEMBRE no dejes de visitarnos y podr\u00e1s disfrutar de TALLERES GRATUITOS de coaching, creaci\u00f3n art\u00edstica, asesoramientos expr\u00e9s en dise\u00f1o de interiores, exposici\u00f3n de maquetas y muchas otras actividades.<\/h3>\n<h2>NUESTRAS PROTAGONISTAS<\/h2>\n<\/div><div class=\"fusion-clearfix\"><\/div><\/div><\/div><div class=\"fusion-layout-column fusion_builder_column fusion-builder-column-1 fusion_builder_column_1_6 1_6 fusion-one-sixth fusion-column-first\" style=\"width:16.666666666667%;width:calc(16.666666666667% - ( ( 4% + 4% + 4% + 4% + 4% ) * 0.16666666666667 ) );margin-right: 4%;margin-top:0px;margin-bottom:20px;\"><div class=\"fusion-column-wrapper fusion-flex-column-wrapper-legacy\" style=\"background-position:left top;background-repeat:no-repeat;-webkit-background-size:cover;-moz-background-size:cover;-o-background-size:cover;background-size:cover;padding: 0px 0px 0px 0px;\"><div class=\"fusion-text fusion-text-2\"><div class=\"icons\">\n<div class=\"icon-slide-container\"><a href=\"https:\/\/web.palmaactiva.com\/centre-empreses\/wp-content\/uploads\/2018\/08\/1-1.jpg\" rel=\"lightbox[6813]\"><img class=\"alignnone size-full wp-image-10342\" src=\"https:\/\/web.palmaactiva.com\/centre-empreses\/wp-content\/uploads\/2018\/08\/1-1.jpg\" alt=\"\" width=\"520\" height=\"1032\" \/><\/a><\/div>\n<\/div>\n<\/div><div class=\"fusion-clearfix\"><\/div><\/div><\/div><div class=\"fusion-layout-column fusion_builder_column fusion-builder-column-2 fusion_builder_column_1_6 1_6 fusion-one-sixth\" style=\"width:16.666666666667%;width:calc(16.666666666667% - ( ( 4% + 4% + 4% + 4% + 4% ) * 0.16666666666667 ) );margin-right: 4%;margin-top:0px;margin-bottom:20px;\"><div class=\"fusion-column-wrapper fusion-flex-column-wrapper-legacy\" style=\"background-position:left top;background-repeat:no-repeat;-webkit-background-size:cover;-moz-background-size:cover;-o-background-size:cover;background-size:cover;padding: 0px 0px 0px 0px;\"><div class=\"fusion-text fusion-text-3\"><p><span style=\"color: #e03e52;\"><b>Laura Pubill<\/b><\/span><br \/>\nLaura Pubill &#8211; Coaching de Mujeres\n<strong>12, 13\/09\/2018 (de 10:00h a 13:00h) y 14, 15\/09\/2018 (de 10:00h a 22:00h)<\/strong><br \/>\n<strong>Charlas y talleres gratuitos de 25 minutos.<\/strong><br \/>\n<strong>Mi\u00e9rcoles y jueves<\/strong><br \/>\n11:00h charla autoestima\n12:00h taller conciliaci\u00f3n y productividad\n13:00h charla autoestima\n<strong>Viernes y s\u00e1bado<\/strong><br \/>\n11:00h charla autoestima\n12:00h taller conciliaci\u00f3n y productividad\n13:00h charla autoestima\n18:00h taller conciliaci\u00f3n y productividad\n20:00h charla autoestima<\/p>\n<\/div><div class=\"fusion-clearfix\"><\/div><\/div><\/div><div class=\"fusion-layout-column fusion_builder_column fusion-builder-column-3 fusion_builder_column_1_6 1_6 fusion-one-sixth\" style=\"width:16.666666666667%;width:calc(16.666666666667% - ( ( 4% + 4% + 4% + 4% + 4% ) * 0.16666666666667 ) );margin-right: 4%;margin-top:0px;margin-bottom:20px;\"><div class=\"fusion-column-wrapper fusion-flex-column-wrapper-legacy\" style=\"background-position:left top;background-repeat:no-repeat;-webkit-background-size:cover;-moz-background-size:cover;-o-background-size:cover;background-size:cover;padding: 0px 0px 0px 0px;\"><div class=\"fusion-text fusion-text-4\"><div class=\"icons\">\n<div class=\"icon-slide-container\"><a href=\"https:\/\/web.palmaactiva.com\/centre-empreses\/wp-content\/uploads\/2018\/08\/2.jpg\" rel=\"lightbox[6813]\"><img class=\"alignnone size-full wp-image-10342\" src=\"https:\/\/web.palmaactiva.com\/centre-empreses\/wp-content\/uploads\/2018\/08\/2.jpg\" alt=\"\" width=\"520\" height=\"1032\" srcset=\"https:\/\/web.palmaactiva.com\/centre-empreses\/wp-content\/uploads\/2018\/08\/2-151x300.jpg 151w, https:\/\/web.palmaactiva.com\/centre-empreses\/wp-content\/uploads\/2018\/08\/2-200x397.jpg 200w, https:\/\/web.palmaactiva.com\/centre-empreses\/wp-content\/uploads\/2018\/08\/2-400x794.jpg 400w, https:\/\/web.palmaactiva.com\/centre-empreses\/wp-content\/uploads\/2018\/08\/2-516x1024.jpg 516w, https:\/\/web.palmaactiva.com\/centre-empreses\/wp-content\/uploads\/2018\/08\/2.jpg 520w\" sizes=\"(max-width: 520px) 100vw, 520px\" \/><\/a><\/div>\n<\/div>\n<\/div><div class=\"fusion-clearfix\"><\/div><\/div><\/div><div class=\"fusion-layout-column fusion_builder_column fusion-builder-column-4 fusion_builder_column_1_6 1_6 fusion-one-sixth\" style=\"width:16.666666666667%;width:calc(16.666666666667% - ( ( 4% + 4% + 4% + 4% + 4% ) * 0.16666666666667 ) );margin-right: 4%;margin-top:0px;margin-bottom:20px;\"><div class=\"fusion-column-wrapper fusion-flex-column-wrapper-legacy\" style=\"background-position:left top;background-repeat:no-repeat;-webkit-background-size:cover;-moz-background-size:cover;-o-background-size:cover;background-size:cover;padding: 0px 0px 0px 0px;\"><div class=\"fusion-text fusion-text-5\"><p><span style=\"color: #e03e52;\"><b>La Guilda Estudio<\/b><\/span><br \/>\nMaria Elisa Garc\u00eda Braem<br \/>\n<strong>Del 04\/09 al 08\/09\/2018 (de 10:00h a 14:00h y de 16:00h a 20:00h)<\/strong>T\u00e9cnicas de escultura, cer\u00e1mica y dibujo.<\/p>\n<\/div><div class=\"fusion-clearfix\"><\/div><\/div><\/div><div class=\"fusion-layout-column fusion_builder_column fusion-builder-column-5 fusion_builder_column_1_6 1_6 fusion-one-sixth\" style=\"width:16.666666666667%;width:calc(16.666666666667% - ( ( 4% + 4% + 4% + 4% + 4% ) * 0.16666666666667 ) );margin-right: 4%;margin-top:0px;margin-bottom:20px;\"><div class=\"fusion-column-wrapper fusion-flex-column-wrapper-legacy\" style=\"background-position:left top;background-repeat:no-repeat;-webkit-background-size:cover;-moz-background-size:cover;-o-background-size:cover;background-size:cover;padding: 0px 0px 0px 0px;\"><div class=\"fusion-text fusion-text-6\"><div class=\"icons\">\n<div class=\"icon-slide-container\"><a href=\"https:\/\/web.palmaactiva.com\/centre-empreses\/wp-content\/uploads\/2018\/08\/8.jpg\" rel=\"lightbox[6813]\"><img class=\"alignnone size-full wp-image-10348\" src=\"https:\/\/web.palmaactiva.com\/centre-empreses\/wp-content\/uploads\/2018\/08\/8.jpg\" alt=\"\" width=\"520\" height=\"1032\" srcset=\"https:\/\/web.palmaactiva.com\/centre-empreses\/wp-content\/uploads\/2018\/08\/8-151x300.jpg 151w, https:\/\/web.palmaactiva.com\/centre-empreses\/wp-content\/uploads\/2018\/08\/8-200x397.jpg 200w, https:\/\/web.palmaactiva.com\/centre-empreses\/wp-content\/uploads\/2018\/08\/8-400x794.jpg 400w, https:\/\/web.palmaactiva.com\/centre-empreses\/wp-content\/uploads\/2018\/08\/8-516x1024.jpg 516w, https:\/\/web.palmaactiva.com\/centre-empreses\/wp-content\/uploads\/2018\/08\/8.jpg 520w\" sizes=\"(max-width: 520px) 100vw, 520px\" \/><\/a><\/div>\n<\/div>\n<\/div><div class=\"fusion-clearfix\"><\/div><\/div><\/div><div class=\"fusion-layout-column fusion_builder_column fusion-builder-column-6 fusion_builder_column_1_6 1_6 fusion-one-sixth fusion-column-last\" style=\"width:16.666666666667%;width:calc(16.666666666667% - ( ( 4% + 4% + 4% + 4% + 4% ) * 0.16666666666667 ) );margin-top:0px;margin-bottom:20px;\"><div class=\"fusion-column-wrapper fusion-flex-column-wrapper-legacy\" style=\"background-position:left top;background-repeat:no-repeat;-webkit-background-size:cover;-moz-background-size:cover;-o-background-size:cover;background-size:cover;padding: 0px 0px 0px 0px;\"><div class=\"fusion-text fusion-text-7\"><p><span style=\"color: #e03e52;\"><b>Illes Arquitectura<\/b><\/span><br \/>\nLaia Bellver Arbona y M\u00f3nica Frutos Campo<br \/>\n<strong>28\/09 y 29\/09\/2018 (de 16:00h a 20:00h)<\/strong>Asesoramiento gratuito expr\u00e9s para redise\u00f1ar tu vivenda o local.<\/p>\n<\/div><div class=\"fusion-clearfix\"><\/div><\/div><\/div><\/div><\/div><div class=\"fusion-fullwidth fullwidth-box fusion-builder-row-2 nonhundred-percent-fullwidth non-hundred-percent-height-scrolling\" style=\"background-color: rgba(255,255,255,0);background-position: center center;background-repeat: no-repeat;padding-top:0px;padding-right:0px;padding-bottom:0px;padding-left:0px;margin-bottom: 0px;margin-top: 0px;border-width: 0px 0px 0px 0px;border-color:#eae9e9;border-style:solid;\" ><div class=\"fusion-builder-row fusion-row\"><div class=\"fusion-layout-column fusion_builder_column fusion-builder-column-7 fusion_builder_column_1_6 1_6 fusion-one-sixth fusion-column-first\" style=\"width:16.666666666667%;width:calc(16.666666666667% - ( ( 4% + 4% + 4% + 4% + 4% ) * 0.16666666666667 ) );margin-right: 4%;margin-top:0px;margin-bottom:20px;\"><div class=\"fusion-column-wrapper fusion-flex-column-wrapper-legacy\" style=\"background-position:left top;background-repeat:no-repeat;-webkit-background-size:cover;-moz-background-size:cover;-o-background-size:cover;background-size:cover;padding: 0px 0px 0px 0px;\"><div class=\"fusion-text fusion-text-8\"><div class=\"icons\">\n<div class=\"icon-slide-container\"><a href=\"https:\/\/web.palmaactiva.com\/centre-empreses\/wp-content\/uploads\/2018\/08\/7.jpg\" rel=\"lightbox[6813]\"><img class=\"alignnone size-full wp-image-10347\" src=\"https:\/\/web.palmaactiva.com\/centre-empreses\/wp-content\/uploads\/2018\/08\/7.jpg\" alt=\"\" width=\"520\" height=\"1032\" srcset=\"https:\/\/web.palmaactiva.com\/centre-empreses\/wp-content\/uploads\/2018\/08\/7-151x300.jpg 151w, https:\/\/web.palmaactiva.com\/centre-empreses\/wp-content\/uploads\/2018\/08\/7-200x397.jpg 200w, https:\/\/web.palmaactiva.com\/centre-empreses\/wp-content\/uploads\/2018\/08\/7-400x794.jpg 400w, https:\/\/web.palmaactiva.com\/centre-empreses\/wp-content\/uploads\/2018\/08\/7-516x1024.jpg 516w, https:\/\/web.palmaactiva.com\/centre-empreses\/wp-content\/uploads\/2018\/08\/7.jpg 520w\" sizes=\"(max-width: 520px) 100vw, 520px\" \/><\/a><\/div>\n<\/div>\n<\/div><div class=\"fusion-clearfix\"><\/div><\/div><\/div><div class=\"fusion-layout-column fusion_builder_column fusion-builder-column-8 fusion_builder_column_1_6 1_6 fusion-one-sixth\" style=\"width:16.666666666667%;width:calc(16.666666666667% - ( ( 4% + 4% + 4% + 4% + 4% ) * 0.16666666666667 ) );margin-right: 4%;margin-top:0px;margin-bottom:20px;\"><div class=\"fusion-column-wrapper fusion-flex-column-wrapper-legacy\" style=\"background-position:left top;background-repeat:no-repeat;-webkit-background-size:cover;-moz-background-size:cover;-o-background-size:cover;background-size:cover;padding: 0px 0px 0px 0px;\"><div class=\"fusion-text fusion-text-9\"><p><span style=\"color: #e03e52;\"><b>Alejandra Company, Dise\u00f1o de Interiores<\/b><\/span><br \/>\nAlejandra Company<br \/>\n<strong>28\/09 y 29\/09\/2018 (de 10:00h a 14:00h)<\/strong>Asesoramiento expr\u00e9s gratuito para redise\u00f1ar tu vivienda o local.<\/p>\n<\/div><div class=\"fusion-clearfix\"><\/div><\/div><\/div><div class=\"fusion-layout-column fusion_builder_column fusion-builder-column-9 fusion_builder_column_1_6 1_6 fusion-one-sixth\" style=\"width:16.666666666667%;width:calc(16.666666666667% - ( ( 4% + 4% + 4% + 4% + 4% ) * 0.16666666666667 ) );margin-right: 4%;margin-top:0px;margin-bottom:20px;\"><div class=\"fusion-column-wrapper fusion-flex-column-wrapper-legacy\" style=\"background-position:left top;background-repeat:no-repeat;-webkit-background-size:cover;-moz-background-size:cover;-o-background-size:cover;background-size:cover;padding: 0px 0px 0px 0px;\"><div class=\"fusion-text fusion-text-10\"><div class=\"icons\">\n<div class=\"icon-slide-container\"><a href=\"https:\/\/web.palmaactiva.com\/centre-empreses\/wp-content\/uploads\/2018\/08\/5.jpg\" rel=\"lightbox[6813]\"><img class=\"alignnone size-full wp-image-10345\" src=\"https:\/\/web.palmaactiva.com\/centre-empreses\/wp-content\/uploads\/2018\/08\/5.jpg\" alt=\"Gestion8\" width=\"520\" height=\"1032\" srcset=\"https:\/\/web.palmaactiva.com\/centre-empreses\/wp-content\/uploads\/2018\/08\/5-151x300.jpg 151w, https:\/\/web.palmaactiva.com\/centre-empreses\/wp-content\/uploads\/2018\/08\/5-200x397.jpg 200w, https:\/\/web.palmaactiva.com\/centre-empreses\/wp-content\/uploads\/2018\/08\/5-400x794.jpg 400w, https:\/\/web.palmaactiva.com\/centre-empreses\/wp-content\/uploads\/2018\/08\/5-516x1024.jpg 516w, https:\/\/web.palmaactiva.com\/centre-empreses\/wp-content\/uploads\/2018\/08\/5.jpg 520w\" sizes=\"(max-width: 520px) 100vw, 520px\" \/><\/a><\/div>\n<\/div>\n<\/div><div class=\"fusion-clearfix\"><\/div><\/div><\/div><div class=\"fusion-layout-column fusion_builder_column fusion-builder-column-10 fusion_builder_column_1_6 1_6 fusion-one-sixth\" style=\"width:16.666666666667%;width:calc(16.666666666667% - ( ( 4% + 4% + 4% + 4% + 4% ) * 0.16666666666667 ) );margin-right: 4%;margin-top:0px;margin-bottom:20px;\"><div class=\"fusion-column-wrapper fusion-flex-column-wrapper-legacy\" style=\"background-position:left top;background-repeat:no-repeat;-webkit-background-size:cover;-moz-background-size:cover;-o-background-size:cover;background-size:cover;padding: 0px 0px 0px 0px;\"><div class=\"fusion-text fusion-text-11\"><p><span style=\"color: #e03e52;\"><b>Gesti\u00f3n Ocho<\/b><\/span><br \/>\nLaura Duran<br \/>\n<strong>Del 18\/09 al 22\/09\/2018 (de 10:00h a 14:00h y de 16:00h a 20:00h)<\/strong>Actividades de dise\u00f1o especializado. Branding y Storytelling.<\/p>\n<\/div><div class=\"fusion-clearfix\"><\/div><\/div><\/div><div class=\"fusion-layout-column fusion_builder_column fusion-builder-column-11 fusion_builder_column_1_6 1_6 fusion-one-sixth\" style=\"width:16.666666666667%;width:calc(16.666666666667% - ( ( 4% + 4% + 4% + 4% + 4% ) * 0.16666666666667 ) );margin-right: 4%;margin-top:0px;margin-bottom:20px;\"><div class=\"fusion-column-wrapper fusion-flex-column-wrapper-legacy\" style=\"background-position:left top;background-repeat:no-repeat;-webkit-background-size:cover;-moz-background-size:cover;-o-background-size:cover;background-size:cover;padding: 0px 0px 0px 0px;\"><div class=\"fusion-text fusion-text-12\"><div class=\"icons\">\n<div class=\"icon-slide-container\"><\/div>\n<\/div>\n<p><a href=\"https:\/\/web.palmaactiva.com\/centre-empreses\/wp-content\/uploads\/2018\/08\/6.jpg\" rel=\"lightbox[6813]\"><img class=\"alignnone size-full wp-image-10346\" src=\"https:\/\/web.palmaactiva.com\/centre-empreses\/wp-content\/uploads\/2018\/08\/6.jpg\" alt=\"\" width=\"520\" height=\"1032\" srcset=\"https:\/\/web.palmaactiva.com\/centre-empreses\/wp-content\/uploads\/2018\/08\/6-151x300.jpg 151w, https:\/\/web.palmaactiva.com\/centre-empreses\/wp-content\/uploads\/2018\/08\/6-200x397.jpg 200w, https:\/\/web.palmaactiva.com\/centre-empreses\/wp-content\/uploads\/2018\/08\/6-400x794.jpg 400w, https:\/\/web.palmaactiva.com\/centre-empreses\/wp-content\/uploads\/2018\/08\/6-516x1024.jpg 516w, https:\/\/web.palmaactiva.com\/centre-empreses\/wp-content\/uploads\/2018\/08\/6.jpg 520w\" sizes=\"(max-width: 520px) 100vw, 520px\" \/><\/a><\/p>\n<\/div><div class=\"fusion-clearfix\"><\/div><\/div><\/div><div class=\"fusion-layout-column fusion_builder_column fusion-builder-column-12 fusion_builder_column_1_6 1_6 fusion-one-sixth fusion-column-last\" style=\"width:16.666666666667%;width:calc(16.666666666667% - ( ( 4% + 4% + 4% + 4% + 4% ) * 0.16666666666667 ) );margin-top:0px;margin-bottom:20px;\"><div class=\"fusion-column-wrapper fusion-flex-column-wrapper-legacy\" style=\"background-position:left top;background-repeat:no-repeat;-webkit-background-size:cover;-moz-background-size:cover;-o-background-size:cover;background-size:cover;padding: 0px 0px 0px 0px;\"><div class=\"fusion-text fusion-text-13\"><p><span style=\"color: #e03e52;\"><b>Munar y Salmones<\/b><\/span><br \/>\nRosa Munar Quetglas<br \/>\n<strong>Del 25\/09 al 27\/09\/2018 (de 10:00h a 14:00h)<\/strong>Estudio de arquitectura. Exposici\u00f3n de maquetas, divulgaci\u00f3n del valor del patrimonio y m\u00e9todos tradicionales de bioconstrucci\u00f3n.<\/p>\n<\/div><div class=\"fusion-clearfix\"><\/div><\/div><\/div><\/div><\/div><div class=\"fusion-fullwidth fullwidth-box fusion-builder-row-3 nonhundred-percent-fullwidth non-hundred-percent-height-scrolling\" style=\"background-color: rgba(255,255,255,0);background-position: center center;background-repeat: no-repeat;padding-top:0px;padding-right:0px;padding-bottom:0px;padding-left:0px;margin-bottom: 0px;margin-top: 0px;border-width: 0px 0px 0px 0px;border-color:#eae9e9;border-style:solid;\" ><div class=\"fusion-builder-row fusion-row\"><div class=\"fusion-layout-column fusion_builder_column fusion-builder-column-13 fusion_builder_column_1_1 1_1 fusion-one-full fusion-column-first fusion-column-last\" style=\"margin-top:0px;margin-bottom:0px;\"><div class=\"fusion-column-wrapper fusion-flex-column-wrapper-legacy\" style=\"background-position:left top;background-repeat:no-repeat;-webkit-background-size:cover;-moz-background-size:cover;-o-background-size:cover;background-size:cover;padding: 0px 0px 0px 0px;\"><div class=\"fusion-text fusion-text-14\"><h2>Consulta nuestro calendario<\/h2>\n<p><iframe style=\"border: solid 1px #777;\" src=\"https:\/\/calendar.google.com\/calendar\/embed?showTitle=0&amp;showCalendars=0&amp;mode=WEEK&amp;height=600&amp;wkst=2&amp;bgcolor=%23FFFFFF&amp;src=4rsiqd5is7ggrqum7f9o28ie3c%40group.calendar.google.com&amp;color=%23A32929&amp;ctz=Europe%2FMadrid\" width=\"100%\" height=\"800\" frameborder=\"0\" scrolling=\"no\"><\/iframe><\/p>\n<\/div><div class=\"fusion-clearfix\"><\/div><\/div><\/div><\/div><\/div>","protected":false},"excerpt":{"rendered":"","protected":false},"author":1,"featured_media":0,"parent":0,"menu_order":0,"comment_status":"closed","ping_status":"closed","template":"","meta":[],"acf":[],"_links":{"self":[{"href":"https:\/\/web.palmaactiva.com\/centre-empreses\/es\/wp-json\/wp\/v2\/pages\/6813"}],"collection":[{"href":"https:\/\/web.palmaactiva.com\/centre-empreses\/es\/wp-json\/wp\/v2\/pages"}],"about":[{"href":"https:\/\/web.palmaactiva.com\/centre-empreses\/es\/wp-json\/wp\/v2\/types\/page"}],"author":[{"embeddable":true,"href":"https:\/\/web.palmaactiva.com\/centre-empreses\/es\/wp-json\/wp\/v2\/users\/1"}],"replies":[{"embeddable":true,"href":"https:\/\/web.palmaactiva.com\/centre-empreses\/es\/wp-json\/wp\/v2\/comments?post=6813"}],"version-history":[{"count":5,"href":"https:\/\/web.palmaactiva.com\/centre-empreses\/es\/wp-json\/wp\/v2\/pages\/6813\/revisions"}],"predecessor-version":[{"id":20986,"href":"https:\/\/web.palmaactiva.com\/centre-empreses\/es\/wp-json\/wp\/v2\/pages\/6813\/revisions\/20986"}],"wp:attachment":[{"href":"https:\/\/web.palmaactiva.com\/centre-empreses\/es\/wp-json\/wp\/v2\/media?parent=6813"}],"curies":[{"name":"wp","href":"https:\/\/api.w.org\/{rel}","templated":true}]}}