{"id":4733,"date":"2014-04-27T23:33:00","date_gmt":"2014-04-27T23:33:00","guid":{"rendered":"http:\/\/web.palmaactiva.com\/centre-empreses\/?page_id=4733"},"modified":"2025-12-16T10:55:11","modified_gmt":"2025-12-16T10:55:11","slug":"solicitud-de-local","status":"publish","type":"page","link":"https:\/\/web.palmaactiva.com\/centre-empreses\/es\/solicitud-de-local\/","title":{"rendered":"Solicitud de acceso (y de pr\u00f3rroga) al Centro de Empresas"},"content":{"rendered":"<p><span style=\"color: #444444;\"><div class=\"fusion-fullwidth fullwidth-box fusion-builder-row-1 hundred-percent-fullwidth non-hundred-percent-height-scrolling\" style=\"background-color: rgba(255,255,255,0);background-position: center center;background-repeat: no-repeat;padding-top:0px;padding-right:0px;padding-bottom:0px;padding-left:0px;margin-bottom: 0px;margin-top: 0px;border-width: 0px 0px 0px 0px;border-color:#eae9e9;border-style:solid;\" ><div class=\"fusion-builder-row fusion-row\"><div class=\"fusion-layout-column fusion_builder_column fusion-builder-column-0 fusion_builder_column_1_1 1_1 fusion-one-full fusion-column-first fusion-column-last fusion-column-no-min-height\" style=\"margin-top:0px;margin-bottom:0px;\"><div class=\"fusion-column-wrapper fusion-flex-column-wrapper-legacy\" style=\"background-position:left top;background-repeat:no-repeat;-webkit-background-size:cover;-moz-background-size:cover;-o-background-size:cover;background-size:cover;padding: 0px 0px 0px 0px;\"><style type='text\/css'>.reading-box-container-1 .element-bottomshadow:before,.reading-box-container-1 .element-bottomshadow:after{opacity:\u00bb0.1&#8243;;}<\/style><div class=\"fusion-reading-box-container reading-box-container-1\" style=\"margin-top:0px;margin-bottom:84px;\"><div class=\"reading-box\" style=\"background-color:\u00bb\u00bb;border-width:\u00bb1px\u00bb;border-color:\u00bb\u00bb;border-\u00bbtop\u00bb-width:3px;border-\u00bbtop\u00bb-color:var(--primary_color);border-style:solid;\"><h2>\u00bb[:es<\/h2><div class=\"reading-box-additional fusion-reading-box-additional\">Solicitud de acceso al Centro de Empresas y solicitudes de pr\u00f3rroga\u00bb description=\u00bbAl tratarse de una convocatoria permanentemente abierta, se permite la presentaci\u00f3n de solicitudes por parte de las personas interesadas 365 d\u00edas al a\u00f1o, las 24 horas al d\u00eda.<br \/>\n<strong>Descarga el PDF editable de la solicitud en el idioma que prefieras, cumplim\u00e9ntala y env\u00edala<\/strong> telem\u00e1ticamente a trav\u00e9s de la web de PalmaActiva (<strong>http:\/\/www.palmaactiva.es\/seuelectronica<\/strong>) o presencialmente en el registro general de PalmaActiva (carrer Socors, 22, en horario de 9:00 a 14:00 horas, de lunes a viernes).<br \/>\nTambi\u00e9n, a trav\u00e9s de cualquiera de los medios y formas previstas en el art. 38.4 de la Ley 30\/1992 LRJAP y PAC.\u00bb animation_type=\u00bb0&#8243; animation_direction=\u00bbdown\u00bb animation_speed=\u00bb0.1&#8243;]<\/span><\/p>\n<p><span style=\"color: #444444;\"><div class='w3eden'><!-- WPDM Link Template: Default Template -->\n\n<div class=\"link-template-default card mb-2\">\n    <div class=\"card-body\">\n        <div class=\"media\">\n            <div class=\"mr-3 img-48\"><img class=\"wpdm_icon\" alt=\"Icono\" src=\"https:\/\/web.palmaactiva.com\/centre-empreses\/wp-content\/plugins\/download-manager\/assets\/file-type-icons\/pdf.svg\" \/><\/div>\n            <div class=\"media-body\">\n                <h3 class=\"package-title\"><a href='https:\/\/web.palmaactiva.com\/centre-empreses\/es\/download\/sol%c2%b7licitud-dacces-al-centre-dempreses\/'>Sol\u00b7licitud d'acc\u00e9s al Centre d'Empreses<\/a><\/h3>\n                <div class=\"text-muted text-small\"><i class=\"fas fa-copy\"><\/i> 1 archivo(s) <i class=\"fas fa-hdd ml-3\"><\/i> 709.72 KB<\/div>\n            <\/div>\n            <div class=\"ml-3\">\n                <a class='wpdm-download-link download-on-click btn btn-primary ' rel='nofollow' href='#' data-downloadurl=\"https:\/\/web.palmaactiva.com\/centre-empreses\/es\/download\/sol%c2%b7licitud-dacces-al-centre-dempreses\/?wpdmdl=6947&refresh=69d1a5dd5c4141775347165\">Descargar<\/a>\n            <\/div>\n        <\/div>\n    <\/div>\n<\/div>\n\n<\/div><\/span><\/p>\n<div class='w3eden'><!-- WPDM Link Template: Default Template -->\n\n<div class=\"link-template-default card mb-2\">\n    <div class=\"card-body\">\n        <div class=\"media\">\n            <div class=\"mr-3 img-48\"><img class=\"wpdm_icon\" alt=\"Icono\" src=\"https:\/\/web.palmaactiva.com\/centre-empreses\/wp-content\/plugins\/download-manager\/assets\/file-type-icons\/pdf.svg\" \/><\/div>\n            <div class=\"media-body\">\n                <h3 class=\"package-title\"><a href='https:\/\/web.palmaactiva.com\/centre-empreses\/es\/download\/solicitud-de-acceso-al-centro-de-empresas\/'>Solicitud de acceso al Centro de Empresas<\/a><\/h3>\n                <div class=\"text-muted text-small\"><i class=\"fas fa-copy\"><\/i> 1 archivo(s) <i class=\"fas fa-hdd ml-3\"><\/i> 657.40 KB<\/div>\n            <\/div>\n            <div class=\"ml-3\">\n                <a class='wpdm-download-link download-on-click btn btn-primary ' rel='nofollow' href='#' data-downloadurl=\"https:\/\/web.palmaactiva.com\/centre-empreses\/es\/download\/solicitud-de-acceso-al-centro-de-empresas\/?wpdmdl=6946&refresh=69d1a5dd616171775347165\">Descargar<\/a>\n            <\/div>\n        <\/div>\n    <\/div>\n<\/div>\n\n<\/div>\n<div class='w3eden'><!-- WPDM Link Template: Default Template -->\n\n<div class=\"link-template-default card mb-2\">\n    <div class=\"card-body\">\n        <div class=\"media\">\n            <div class=\"mr-3 img-48\"><img class=\"wpdm_icon\" alt=\"Icono\" src=\"https:\/\/web.palmaactiva.com\/centre-empreses\/wp-content\/plugins\/download-manager\/assets\/file-type-icons\/pdf.svg\" \/><\/div>\n            <div class=\"media-body\">\n                <h3 class=\"package-title\"><a href='https:\/\/web.palmaactiva.com\/centre-empreses\/es\/download\/sollicitud-de-prorroga-centre-dempreses\/'>Solicitud de pr\u00f3rroga Centro de Empresas<\/a><\/h3>\n                <div class=\"text-muted text-small\"><i class=\"fas fa-copy\"><\/i> 1 archivo(s) <i class=\"fas fa-hdd ml-3\"><\/i> 368.45 KB<\/div>\n            <\/div>\n            <div class=\"ml-3\">\n                <a class='wpdm-download-link download-on-click btn btn-primary ' rel='nofollow' href='#' data-downloadurl=\"https:\/\/web.palmaactiva.com\/centre-empreses\/es\/download\/sollicitud-de-prorroga-centre-dempreses\/?wpdmdl=35087&refresh=69d1a5dd65ec81775347165\">Descargar<\/a>\n            <\/div>\n        <\/div>\n    <\/div>\n<\/div>\n\n<\/div>\n<p>&nbsp;<\/p>\n<div class=\"su-button-center\"><a href=\"https:\/\/palmaactiva.sedipualba.es\/carpetaciudadana\/tramite.aspx?idtramite=13886\" class=\"su-button su-button-style-flat\" style=\"color:#ffffff;background-color:#e03e52;border-color:#b43242;border-radius:6px;-moz-border-radius:6px;-webkit-border-radius:6px\" target=\"__blank\"><span style=\"color:#ffffff;padding:6px 18px;font-size:14px;line-height:21px;border-color:#ea7886;border-radius:6px;-moz-border-radius:6px;-webkit-border-radius:6px;text-shadow:none;-moz-text-shadow:none;-webkit-text-shadow:none\"><i class=\"sui sui-sign-in\" style=\"font-size:14px;color:#FFFFFF\"><\/i> <strong>Accede al tr\u00e1mite<\/strong><\/span><\/a><\/div>\n<p>&nbsp;<\/p>\n<\/div><div class=\"fusion-clearfix\"><\/div><\/div><\/div><div class=\"fusion-clearfix\"><\/div><\/div><\/div><\/div><style type=\"text\/css\">.fusion-fullwidth.fusion-builder-row-1 { overflow:visible; }<\/style><\/div>","protected":false},"excerpt":{"rendered":"","protected":false},"author":1,"featured_media":0,"parent":0,"menu_order":0,"comment_status":"open","ping_status":"open","template":"","meta":[],"acf":[],"_links":{"self":[{"href":"https:\/\/web.palmaactiva.com\/centre-empreses\/es\/wp-json\/wp\/v2\/pages\/4733"}],"collection":[{"href":"https:\/\/web.palmaactiva.com\/centre-empreses\/es\/wp-json\/wp\/v2\/pages"}],"about":[{"href":"https:\/\/web.palmaactiva.com\/centre-empreses\/es\/wp-json\/wp\/v2\/types\/page"}],"author":[{"embeddable":true,"href":"https:\/\/web.palmaactiva.com\/centre-empreses\/es\/wp-json\/wp\/v2\/users\/1"}],"replies":[{"embeddable":true,"href":"https:\/\/web.palmaactiva.com\/centre-empreses\/es\/wp-json\/wp\/v2\/comments?post=4733"}],"version-history":[{"count":17,"href":"https:\/\/web.palmaactiva.com\/centre-empreses\/es\/wp-json\/wp\/v2\/pages\/4733\/revisions"}],"predecessor-version":[{"id":20996,"href":"https:\/\/web.palmaactiva.com\/centre-empreses\/es\/wp-json\/wp\/v2\/pages\/4733\/revisions\/20996"}],"wp:attachment":[{"href":"https:\/\/web.palmaactiva.com\/centre-empreses\/es\/wp-json\/wp\/v2\/media?parent=4733"}],"curies":[{"name":"wp","href":"https:\/\/api.w.org\/{rel}","templated":true}]}}